{"id":81,"date":"2013-06-27T10:18:44","date_gmt":"2013-06-27T09:18:44","guid":{"rendered":"http:\/\/www.deco-travaux.fr\/savoie\/?page_id=81"},"modified":"2023-03-31T17:36:36","modified_gmt":"2023-03-31T16:36:36","slug":"cuisine-carrelage-de-qualite","status":"publish","type":"page","link":"https:\/\/www.deco-travaux.fr\/savoie\/assistance-travaux\/maitre-oeuvre-conseil-travaux-renovation\/cuisine-carrelage-de-qualite\/","title":{"rendered":"Magasin mat\u00e9riaux pour travaux de qualit\u00e9"},"content":{"rendered":"<p>&nbsp;<\/p>\n<h3><span style=\"color: #33cccc; font-size: medium;\">Vente mat\u00e9riaux d\u00e9coratifs et produits de b\u00e2timent de qualit\u00e9 en Savoie<\/span><\/h3>\n<p>D\u00e9coration, construction ou r\u00e9novation, contactez Christelle Blanchet, g\u00e9rante de CRIS BTP deco-travaux.fr pour vos achats de carrelage, fa\u00efence, cuisine, peinture, lasure, salle de bains, parquet, table, chaise &#8230;<br \/>\n<strong>Le magasin situ\u00e9 \u00e0 7 minutes de Aime La Plagne et Bourg Saint Maurice en Savoie, vend des beaux produits du b\u00e2timent et meubles de grandes marques internationales<\/strong> reconnues pour leur qualit\u00e9 et s\u00e9rieux, non pr\u00e9sentes dans la r\u00e9gion.<\/p>\n<p><span style=\"color: #ff00ff;\"><em><span style=\"color: #000000;\">A Landry face \u00e0 la gare SNCF, vous trouvez ce que vous ne trouvez pas ailleurs.<\/span><\/em><\/span><\/p>\n<p>Nous vous proposons des produits&nbsp;b\u00e2timent de haute qualit\u00e9 professionnelle et mat\u00e9riaux uniques, innovants, performants et r\u00e9sistants.<\/p>\n<p>&nbsp;<\/p>\n<p><strong><a href=\"https:\/\/www.deco-travaux.fr\/savoie\/wp-content\/uploads\/2013\/07\/CRIS-BTP-architecte-interieur.jpg\"><img decoding=\"async\" class=\"alignright size-thumbnail wp-image-1986\" src=\"https:\/\/www.deco-travaux.fr\/savoie\/wp-content\/uploads\/2013\/07\/CRIS-BTP-architecte-interieur-150x150.jpg\" alt=\"architecte int\u00e9rieur moutiers et vente carrelage CRIS BTP \" width=\"150\" height=\"150\"><\/a><\/strong><\/p>\n<p><strong>D\u00e9couvrez la qualit\u00e9 au meilleur prix : <em>carrelage, parquet, peinture, sanitaire, robinetterie, <\/em><\/strong><em>&#8230;<\/em><b><br \/>\n<\/b>Proche de COURCHEVEL, MOUTIERS, ALBERTVILLE et VAL D&rsquo;ISERE nous vendons \u00e9galement<b><strong> des cr\u00e9ations artisanales ou objets uniques.<br \/>\n<\/strong><\/b>CRIS BTP intervient en Savoie et Haute Savoie.<\/p>\n<h3><span style=\"color: #33cccc; font-size: medium;\">Ma\u00eetrise d\u2019\u0153uvre, d\u00e9coration ou travaux<\/span><\/h3>\n<p><b>Pour vos travaux de d\u00e9coration, r\u00e9novation, isolation, construction ou d&rsquo;am\u00e9nagements int\u00e9rieurs ou ext\u00e9rieurs, &nbsp;<\/b><a style=\"font-weight: bold;\" title=\"Contacter CRIS BTP\" href=\"https:\/\/www.deco-travaux.fr\/savoie\/contact\/\">contactez CRIS BTP<\/a><b> ma\u00eetre d&rsquo;\u0153uvre tout corps d&rsquo;\u00e9tat \u00e0 Montchavin La Plagne en Savoie, qui vous guide vers des professionnels reconnus.<\/b><\/p>\n<p>Les offres de d\u00e9coration, ma\u00eetrise d\u2019\u0153uvre et d&rsquo;assistance pour vos travaux en Savoie sont partielles ou compl\u00e8tes, allant du simple conseil jusqu\u2019au service haut de gamme et de prestige.<strong><br \/>\n<\/strong><\/p>\n<p>CRIS BTP a fait le choix de qualit\u00e9 et non du volume. La soci\u00e9t\u00e9 CRIS BTP n&rsquo;a aucun litige ni sinistre.<\/p>\n<p>Tout est choisi dans le d\u00e9tail (exemple : coloris et format de c\u00e9ramiques, essences de bois, menuiseries mixtes, enduits, rev\u00eatements de sols, mat\u00e9riel sanitaire, \u2026).<\/p>\n<p>Les connaissances et l\u2019exp\u00e9rience de Christelle Blanchet, permettent d\u2019allier le confort, la sant\u00e9, l\u2019exposition et les \u00e9nergies de bien \u00eatre.<br \/>\nConsommez peu, avec emploi de mat\u00e9riaux innovants respectant votre sant\u00e9 et permettant une finition soign\u00e9e.<\/p>\n<p>CHRIS BTP est connue pour son <span style=\"color: #000000;\"><strong>respect des co\u00fbts et d\u00e9lais.<\/strong><\/span><\/p>\n<p>Notre position : VOTRE SATISFACTION POUR S\u2019INSCRIRE DANS LA DUREE.<\/p>\n<p>Les participations aux r\u00e9novations ou constructions dans les stations de skis en Tarentaise sont nombreuses notamment sur l&rsquo;Espace Killy \u00e0 Tignes, Val d&rsquo;Is\u00e8re et sur le Paradiski de La Plagne aux Arcs Peisey Vallandry.<\/p>\n","protected":false},"excerpt":{"rendered":"<p>&nbsp; Vente mat\u00e9riaux d\u00e9coratifs et produits de b\u00e2timent de qualit\u00e9 en Savoie D\u00e9coration, construction ou r\u00e9novation, contactez Christelle Blanchet, g\u00e9rante de CRIS BTP deco-travaux.fr pour vos achats de carrelage, fa\u00efence, cuisine, peinture, lasure, salle de bains, parquet, table, chaise &#8230; Le magasin situ\u00e9 \u00e0 7 minutes de Aime La Plagne et Bourg Saint Maurice en [&hellip;]<\/p>\n","protected":false},"author":2,"featured_media":0,"parent":32,"menu_order":0,"comment_status":"closed","ping_status":"closed","template":"","meta":{"_monsterinsights_skip_tracking":false,"_monsterinsights_sitenote_active":false,"_monsterinsights_sitenote_note":"","_monsterinsights_sitenote_category":0,"ngg_post_thumbnail":0,"footnotes":"","_links_to":"","_links_to_target":""},"class_list":["post-81","page","type-page","status-publish","hentry"],"yoast_head":"<!-- This site is optimized with the Yoast SEO plugin v27.4 - https:\/\/yoast.com\/product\/yoast-seo-wordpress\/ -->\n<title>magasin cuisine carrelage Aime La Plagne et Bourg Saint Maurice<\/title>\n<meta name=\"description\" content=\"magasin entre Aime La Plagne et Bourg Saint Maurice en Savoie, vend carrelage, cuisine, salles de bains de grandes marques internationales\" \/>\n<meta name=\"robots\" content=\"index, follow, max-snippet:-1, max-image-preview:large, max-video-preview:-1\" \/>\n<link rel=\"canonical\" href=\"https:\/\/www.deco-travaux.fr\/savoie\/assistance-travaux\/maitre-oeuvre-conseil-travaux-renovation\/cuisine-carrelage-de-qualite\/\" \/>\n<meta property=\"og:locale\" content=\"fr_FR\" \/>\n<meta property=\"og:type\" content=\"article\" \/>\n<meta property=\"og:title\" content=\"magasin cuisine carrelage Aime La Plagne et Bourg Saint Maurice\" \/>\n<meta property=\"og:description\" content=\"magasin entre Aime La Plagne et Bourg Saint Maurice en Savoie, vend carrelage, cuisine, salles de bains de grandes marques internationales\" \/>\n<meta property=\"og:url\" content=\"https:\/\/www.deco-travaux.fr\/savoie\/assistance-travaux\/maitre-oeuvre-conseil-travaux-renovation\/cuisine-carrelage-de-qualite\/\" \/>\n<meta property=\"og:site_name\" content=\"Magasin Christelle carrelage, cuisines, salle de bain, menuiserie\" \/>\n<meta property=\"article:publisher\" content=\"https:\/\/www.facebook.com\/chrisdecotravaux\/\" \/>\n<meta property=\"article:modified_time\" content=\"2023-03-31T16:36:36+00:00\" \/>\n<meta property=\"og:image\" content=\"http:\/\/www.deco-travaux.fr\/savoie\/wp-content\/uploads\/2013\/07\/CRIS-BTP-architecte-interieur-150x150.jpg\" \/>\n<meta name=\"twitter:label1\" content=\"Dur\u00e9e de lecture estim\u00e9e\" \/>\n\t<meta name=\"twitter:data1\" content=\"2 minutes\" \/>\n<script type=\"application\/ld+json\" class=\"yoast-schema-graph\">{\"@context\":\"https:\\\/\\\/schema.org\",\"@graph\":[{\"@type\":\"WebPage\",\"@id\":\"https:\\\/\\\/www.deco-travaux.fr\\\/savoie\\\/assistance-travaux\\\/maitre-oeuvre-conseil-travaux-renovation\\\/cuisine-carrelage-de-qualite\\\/\",\"url\":\"https:\\\/\\\/www.deco-travaux.fr\\\/savoie\\\/assistance-travaux\\\/maitre-oeuvre-conseil-travaux-renovation\\\/cuisine-carrelage-de-qualite\\\/\",\"name\":\"magasin cuisine carrelage Aime La Plagne et Bourg Saint Maurice\",\"isPartOf\":{\"@id\":\"https:\\\/\\\/www.deco-travaux.fr\\\/savoie\\\/#website\"},\"primaryImageOfPage\":{\"@id\":\"https:\\\/\\\/www.deco-travaux.fr\\\/savoie\\\/assistance-travaux\\\/maitre-oeuvre-conseil-travaux-renovation\\\/cuisine-carrelage-de-qualite\\\/#primaryimage\"},\"image\":{\"@id\":\"https:\\\/\\\/www.deco-travaux.fr\\\/savoie\\\/assistance-travaux\\\/maitre-oeuvre-conseil-travaux-renovation\\\/cuisine-carrelage-de-qualite\\\/#primaryimage\"},\"thumbnailUrl\":\"http:\\\/\\\/www.deco-travaux.fr\\\/savoie\\\/wp-content\\\/uploads\\\/2013\\\/07\\\/CRIS-BTP-architecte-interieur-150x150.jpg\",\"datePublished\":\"2013-06-27T09:18:44+00:00\",\"dateModified\":\"2023-03-31T16:36:36+00:00\",\"description\":\"magasin entre Aime La Plagne et Bourg Saint Maurice en Savoie, vend carrelage, cuisine, salles de bains de grandes marques internationales\",\"breadcrumb\":{\"@id\":\"https:\\\/\\\/www.deco-travaux.fr\\\/savoie\\\/assistance-travaux\\\/maitre-oeuvre-conseil-travaux-renovation\\\/cuisine-carrelage-de-qualite\\\/#breadcrumb\"},\"inLanguage\":\"fr-FR\",\"potentialAction\":[{\"@type\":\"ReadAction\",\"target\":[\"https:\\\/\\\/www.deco-travaux.fr\\\/savoie\\\/assistance-travaux\\\/maitre-oeuvre-conseil-travaux-renovation\\\/cuisine-carrelage-de-qualite\\\/\"]}]},{\"@type\":\"ImageObject\",\"inLanguage\":\"fr-FR\",\"@id\":\"https:\\\/\\\/www.deco-travaux.fr\\\/savoie\\\/assistance-travaux\\\/maitre-oeuvre-conseil-travaux-renovation\\\/cuisine-carrelage-de-qualite\\\/#primaryimage\",\"url\":\"https:\\\/\\\/www.deco-travaux.fr\\\/savoie\\\/wp-content\\\/uploads\\\/2013\\\/07\\\/CRIS-BTP-architecte-interieur.jpg\",\"contentUrl\":\"https:\\\/\\\/www.deco-travaux.fr\\\/savoie\\\/wp-content\\\/uploads\\\/2013\\\/07\\\/CRIS-BTP-architecte-interieur.jpg\",\"width\":373,\"height\":512},{\"@type\":\"BreadcrumbList\",\"@id\":\"https:\\\/\\\/www.deco-travaux.fr\\\/savoie\\\/assistance-travaux\\\/maitre-oeuvre-conseil-travaux-renovation\\\/cuisine-carrelage-de-qualite\\\/#breadcrumb\",\"itemListElement\":[{\"@type\":\"ListItem\",\"position\":1,\"name\":\"Accueil\",\"item\":\"https:\\\/\\\/www.deco-travaux.fr\\\/savoie\\\/\"},{\"@type\":\"ListItem\",\"position\":2,\"name\":\"Services\",\"item\":\"https:\\\/\\\/www.deco-travaux.fr\\\/savoie\\\/assistance-travaux\\\/\"},{\"@type\":\"ListItem\",\"position\":3,\"name\":\"Offres\",\"item\":\"\\\/\"},{\"@type\":\"ListItem\",\"position\":4,\"name\":\"Magasin mat\u00e9riaux pour travaux de qualit\u00e9\"}]},{\"@type\":\"WebSite\",\"@id\":\"https:\\\/\\\/www.deco-travaux.fr\\\/savoie\\\/#website\",\"url\":\"https:\\\/\\\/www.deco-travaux.fr\\\/savoie\\\/\",\"name\":\"Magasin Christelle carrelage, cuisines, salle de bain, menuiserie\",\"description\":\"Magasin expo de produits exceptionnels \u00e0 prix bas \u00e0 5 minutes de Bourg Saint Maurice et Aime La Plagne Tarentaise en Savoie 73\",\"potentialAction\":[{\"@type\":\"SearchAction\",\"target\":{\"@type\":\"EntryPoint\",\"urlTemplate\":\"https:\\\/\\\/www.deco-travaux.fr\\\/savoie\\\/?s={search_term_string}\"},\"query-input\":{\"@type\":\"PropertyValueSpecification\",\"valueRequired\":true,\"valueName\":\"search_term_string\"}}],\"inLanguage\":\"fr-FR\"}]}<\/script>\n<!-- \/ Yoast SEO plugin. -->","yoast_head_json":{"title":"magasin cuisine carrelage Aime La Plagne et Bourg Saint Maurice","description":"magasin entre Aime La Plagne et Bourg Saint Maurice en Savoie, vend carrelage, cuisine, salles de bains de grandes marques internationales","robots":{"index":"index","follow":"follow","max-snippet":"max-snippet:-1","max-image-preview":"max-image-preview:large","max-video-preview":"max-video-preview:-1"},"canonical":"https:\/\/www.deco-travaux.fr\/savoie\/assistance-travaux\/maitre-oeuvre-conseil-travaux-renovation\/cuisine-carrelage-de-qualite\/","og_locale":"fr_FR","og_type":"article","og_title":"magasin cuisine carrelage Aime La Plagne et Bourg Saint Maurice","og_description":"magasin entre Aime La Plagne et Bourg Saint Maurice en Savoie, vend carrelage, cuisine, salles de bains de grandes marques internationales","og_url":"https:\/\/www.deco-travaux.fr\/savoie\/assistance-travaux\/maitre-oeuvre-conseil-travaux-renovation\/cuisine-carrelage-de-qualite\/","og_site_name":"Magasin Christelle carrelage, cuisines, salle de bain, menuiserie","article_publisher":"https:\/\/www.facebook.com\/chrisdecotravaux\/","article_modified_time":"2023-03-31T16:36:36+00:00","og_image":[{"url":"http:\/\/www.deco-travaux.fr\/savoie\/wp-content\/uploads\/2013\/07\/CRIS-BTP-architecte-interieur-150x150.jpg","type":"","width":"","height":""}],"twitter_misc":{"Dur\u00e9e de lecture estim\u00e9e":"2 minutes"},"schema":{"@context":"https:\/\/schema.org","@graph":[{"@type":"WebPage","@id":"https:\/\/www.deco-travaux.fr\/savoie\/assistance-travaux\/maitre-oeuvre-conseil-travaux-renovation\/cuisine-carrelage-de-qualite\/","url":"https:\/\/www.deco-travaux.fr\/savoie\/assistance-travaux\/maitre-oeuvre-conseil-travaux-renovation\/cuisine-carrelage-de-qualite\/","name":"magasin cuisine carrelage Aime La Plagne et Bourg Saint Maurice","isPartOf":{"@id":"https:\/\/www.deco-travaux.fr\/savoie\/#website"},"primaryImageOfPage":{"@id":"https:\/\/www.deco-travaux.fr\/savoie\/assistance-travaux\/maitre-oeuvre-conseil-travaux-renovation\/cuisine-carrelage-de-qualite\/#primaryimage"},"image":{"@id":"https:\/\/www.deco-travaux.fr\/savoie\/assistance-travaux\/maitre-oeuvre-conseil-travaux-renovation\/cuisine-carrelage-de-qualite\/#primaryimage"},"thumbnailUrl":"http:\/\/www.deco-travaux.fr\/savoie\/wp-content\/uploads\/2013\/07\/CRIS-BTP-architecte-interieur-150x150.jpg","datePublished":"2013-06-27T09:18:44+00:00","dateModified":"2023-03-31T16:36:36+00:00","description":"magasin entre Aime La Plagne et Bourg Saint Maurice en Savoie, vend carrelage, cuisine, salles de bains de grandes marques internationales","breadcrumb":{"@id":"https:\/\/www.deco-travaux.fr\/savoie\/assistance-travaux\/maitre-oeuvre-conseil-travaux-renovation\/cuisine-carrelage-de-qualite\/#breadcrumb"},"inLanguage":"fr-FR","potentialAction":[{"@type":"ReadAction","target":["https:\/\/www.deco-travaux.fr\/savoie\/assistance-travaux\/maitre-oeuvre-conseil-travaux-renovation\/cuisine-carrelage-de-qualite\/"]}]},{"@type":"ImageObject","inLanguage":"fr-FR","@id":"https:\/\/www.deco-travaux.fr\/savoie\/assistance-travaux\/maitre-oeuvre-conseil-travaux-renovation\/cuisine-carrelage-de-qualite\/#primaryimage","url":"https:\/\/www.deco-travaux.fr\/savoie\/wp-content\/uploads\/2013\/07\/CRIS-BTP-architecte-interieur.jpg","contentUrl":"https:\/\/www.deco-travaux.fr\/savoie\/wp-content\/uploads\/2013\/07\/CRIS-BTP-architecte-interieur.jpg","width":373,"height":512},{"@type":"BreadcrumbList","@id":"https:\/\/www.deco-travaux.fr\/savoie\/assistance-travaux\/maitre-oeuvre-conseil-travaux-renovation\/cuisine-carrelage-de-qualite\/#breadcrumb","itemListElement":[{"@type":"ListItem","position":1,"name":"Accueil","item":"https:\/\/www.deco-travaux.fr\/savoie\/"},{"@type":"ListItem","position":2,"name":"Services","item":"https:\/\/www.deco-travaux.fr\/savoie\/assistance-travaux\/"},{"@type":"ListItem","position":3,"name":"Offres","item":"\/"},{"@type":"ListItem","position":4,"name":"Magasin mat\u00e9riaux pour travaux de qualit\u00e9"}]},{"@type":"WebSite","@id":"https:\/\/www.deco-travaux.fr\/savoie\/#website","url":"https:\/\/www.deco-travaux.fr\/savoie\/","name":"Magasin Christelle carrelage, cuisines, salle de bain, menuiserie","description":"Magasin expo de produits exceptionnels \u00e0 prix bas \u00e0 5 minutes de Bourg Saint Maurice et Aime La Plagne Tarentaise en Savoie 73","potentialAction":[{"@type":"SearchAction","target":{"@type":"EntryPoint","urlTemplate":"https:\/\/www.deco-travaux.fr\/savoie\/?s={search_term_string}"},"query-input":{"@type":"PropertyValueSpecification","valueRequired":true,"valueName":"search_term_string"}}],"inLanguage":"fr-FR"}]}},"_links":{"self":[{"href":"https:\/\/www.deco-travaux.fr\/savoie\/wp-json\/wp\/v2\/pages\/81","targetHints":{"allow":["GET"]}}],"collection":[{"href":"https:\/\/www.deco-travaux.fr\/savoie\/wp-json\/wp\/v2\/pages"}],"about":[{"href":"https:\/\/www.deco-travaux.fr\/savoie\/wp-json\/wp\/v2\/types\/page"}],"author":[{"embeddable":true,"href":"https:\/\/www.deco-travaux.fr\/savoie\/wp-json\/wp\/v2\/users\/2"}],"replies":[{"embeddable":true,"href":"https:\/\/www.deco-travaux.fr\/savoie\/wp-json\/wp\/v2\/comments?post=81"}],"version-history":[{"count":194,"href":"https:\/\/www.deco-travaux.fr\/savoie\/wp-json\/wp\/v2\/pages\/81\/revisions"}],"predecessor-version":[{"id":4962,"href":"https:\/\/www.deco-travaux.fr\/savoie\/wp-json\/wp\/v2\/pages\/81\/revisions\/4962"}],"up":[{"embeddable":true,"href":"https:\/\/www.deco-travaux.fr\/savoie\/wp-json\/wp\/v2\/pages\/32"}],"wp:attachment":[{"href":"https:\/\/www.deco-travaux.fr\/savoie\/wp-json\/wp\/v2\/media?parent=81"}],"curies":[{"name":"wp","href":"https:\/\/api.w.org\/{rel}","templated":true}]}}