{"id":59,"date":"2013-06-26T17:06:29","date_gmt":"2013-06-26T16:06:29","guid":{"rendered":"http:\/\/www.deco-travaux.fr\/savoie\/?page_id=59"},"modified":"2019-03-05T13:40:37","modified_gmt":"2019-03-05T12:40:37","slug":"mentions-legales","status":"publish","type":"page","link":"https:\/\/www.deco-travaux.fr\/savoie\/contact\/mentions-legales\/","title":{"rendered":"Mentions l\u00e9gales"},"content":{"rendered":"<p>Le site que vous consultez actuellement est la propri\u00e9t\u00e9 de la soci\u00e9t\u00e9 &nbsp;:<br \/>\n<strong>CRIS BTP &#8211; Deco Travaux &#8211; Montchavin &#8211; 73210&nbsp;La Plagne Tarentaise<br \/>\n<\/strong><\/p>\n<p>1- HEBERGEMENT DU SITE<\/p>\n<p style=\"padding-left: 30px;\">Ce site est h\u00e9berg\u00e9 par OVH<\/p>\n<p>2- CREATION DU SITE<\/p>\n<p style=\"padding-left: 30px;\">Cr\u00e9ation structure du site : CRIS BTP<\/p>\n<p style=\"padding-left: 30px;\">Cr\u00e9ation&nbsp;des&nbsp;contenus&nbsp;avec textes et images&nbsp;: CRIS BTP<\/p>\n<p>3- INFORMATIQUE ET LIBERTES (CNIL)<\/p>\n<p style=\"padding-left: 30px;\">Conform\u00e9ment \u00e0 la loi, nous vous informons que vous disposez d\u2019un droit d\u2019acc\u00e8s, de modification, de rectification et de suppression de vos donn\u00e9es. Pour l&rsquo;exercer, adressez-vous \u00e0 : crisbtp[a]deco-travaux.fr<br \/>\nLes informations recueillies aupr\u00e8s des personnes par le biais du formulaire de contact ne sont pas divulgu\u00e9es \u00e0 des personnes autres que celles de notre soci\u00e9t\u00e9. Vos r\u00e9ponses sont facultatives et le d\u00e9faut de r\u00e9ponse n\u2019entra\u00eene aucune cons\u00e9quence particuli\u00e8re. N\u00e9anmoins, vos r\u00e9ponses doivent \u00eatre suffisantes pour nous permettre de traiter l\u2019information.<\/p>\n<p>3.1- COOKIES<\/p>\n<p style=\"padding-left: 30px;\">Nous pouvons implanter un cookie dans votre ordinateur. Un cookie ne nous permet pas de vous identifier. De mani\u00e8re g\u00e9n\u00e9rale, il enregistre des informations relatives \u00e0 la navigation de votre ordinateur sur notre site (les pages que vous avez consult\u00e9es, la date et l&rsquo;heure de la consultation, &#8230;) que nous pourrons lire lors de vos visites ult\u00e9rieures.<br \/>\nNous vous informons que vous pouvez vous opposer \u00e0 l&rsquo;enregistrement de \u00ab\u00a0cookies\u00a0\u00bb en configurant votre navigateur.<\/p>\n<p>4 &#8211; CREDITS PHOTOS<\/p>\n<p style=\"padding-left: 30px;\">&#8211; CRIS BTP<br \/>\n&#8211; Christelle Blanchet<br \/>\n&#8211; GR Porcelano<\/p>\n<p>5 \u2013 Contact<\/p>\n<p style=\"padding-left: 30px;\">Pour nous contacter, vous pouvez le faire via le <a href=\"https:\/\/www.deco-travaux.fr\/savoie\/contact\/\">formulaire de contact<\/a>.<\/p>\n<p>6 \u2013 R\u00e8glement et Conditions d&rsquo;utilisation<\/p>\n<p style=\"padding-left: 30px;\">L&rsquo;utilisation du site internet deco-travaux.fr est r\u00e9gie par les mentions l\u00e9gales, dont les conditions g\u00e9n\u00e9rales. L&rsquo;utilisateur d\u00e9clare avoir pris connaissance et avoir accept\u00e9 express\u00e9ment et de mani\u00e8re inconditionnelle les mentions l\u00e9gales en vigueur au jour de l&rsquo;acc\u00e8s au site internet.<br \/>\nL\u2019utilisateur s\u2019interdit dans le cadre de l\u2019utilisation du site internet (deco-travaux.fr) de se livrer \u00e0 des actes, de quelque nature que ce soit, qui seraient contraires \u00e0 la loi fran\u00e7aise ou qui porteraient atteinte \u00e0 l&rsquo;ordre public ou aux droits d&rsquo;un tiers. Tout litige sera de la comp\u00e9tence exclusive des tribunaux fran\u00e7ais et notamment trait\u00e9s dans les tribunaux les plus proches, en distance kilom\u00e9trique \u00e0 parcourir en automobile, du si\u00e8ge de CRIS BTP.<\/p>\n<p>7 \u2013 Contrefa\u00e7on<\/p>\n<p style=\"padding-left: 30px;\">Toute reproduction, utilisation ou repr\u00e9sentation du site deco-travaux.fr, en tout ou partie, \u00e0 d&rsquo;autres fins sur un quelconque support est interdite. Le non-respect de cette interdiction constitue une contrefa\u00e7on pouvant engager la responsabilit\u00e9 civile et p\u00e9nale du contrefacteur. Les dessins, mod\u00e8les, maquettes ou autre contenu, sont la propri\u00e9t\u00e9 de CRIS BTP.<\/p>\n<p>8 \u2013 Responsabilit\u00e9<\/p>\n<p style=\"padding-left: 30px;\">Nous n&rsquo;avons aucune obligation de moyens ni de r\u00e9sultats pour toutes les \u00e9tapes et fonctionnalit\u00e9s du site deco-travaux.fr. Notre responsabilit\u00e9 ne saurait \u00eatre engag\u00e9e pour tout inconv\u00e9nient ou dommage inh\u00e9rent \u00e0 l&rsquo;utilisation du r\u00e9seau internet, notamment une rupture du service, de bug, une intrusion ext\u00e9rieure ou la pr\u00e9sence de virus informatique, ou de tout fait qualifi\u00e9 de force majeure, conform\u00e9ment \u00e0 la jurisprudence.<br \/>\nL&rsquo;internaute d\u00e9clare conna\u00eetre les caract\u00e9ristiques et les limites de l&rsquo;internet en particulier ses performances techniques, les temps de r\u00e9ponse pour consulter, interroger ou transf\u00e9rer des donn\u00e9es et les risques li\u00e9s \u00e0 la s\u00e9curit\u00e9 des communications.<br \/>\nNous ne garantissons pas que le site sera exempt d&rsquo;erreur ou d\u2019omission. Nous ne garantissons pas l&rsquo;exactitude ni la v\u00e9racit\u00e9 des informations, textes, images et tout autre \u00e9l\u00e9ment pr\u00e9sent sur le site. Ces informations n&rsquo;engagent en rien notre responsabilit\u00e9 sur la qualit\u00e9 r\u00e9elle ou suppos\u00e9e des informations et des services annonc\u00e9s sur le site.<br \/>\nNous ne sommes pas responsables des pr\u00e9judices li\u00e9s \u00e0 l&rsquo;utilisation des informations, produits ou services annonc\u00e9s ou pr\u00e9sent\u00e9s sur le site.<br \/>\nNous nous r\u00e9servons la possibilit\u00e9 de modifier ou de supprimer les prestations propos\u00e9es par l&rsquo;interm\u00e9diaire du site \u00e0 tout moment sans information des utilisateurs du site.<br \/>\nL&rsquo;utilisateur peut \u00eatre inform\u00e9 ou \u00eatre orient\u00e9 sur d&rsquo;autres sites internet. L&rsquo;utilisation d&rsquo;autres sites internet est soumise aux conditions d&rsquo;utilisation propres \u00e0 ces sites internet. Nous ne serons en aucun cas tenus responsables du contenu de ces sites ni de tout dommage r\u00e9sultant de l&rsquo;utilisation de ceux-ci<br \/>\nNous d\u00e9clinons toute responsabilit\u00e9 quant \u00e0 l\u2019ensemble des contenus. Nous ne garantissons pas les informations et d\u00e9clarations erron\u00e9es ou mensong\u00e8res, de quelque nature que ce soit, que pourraient lui transmettre les utilisateurs, annonceurs ou partenaires, ni de tout dommage caus\u00e9 par l&rsquo;utilisation de ces informations.<\/p>\n<p>9 \u2013 Insertions publicitaires<\/p>\n<p style=\"padding-left: 30px;\">La commande pour insertion publicitaire des annonceurs est conclue \u00e0 compter de et pour la dur\u00e9e inscrite sur le r\u00e9capitulatif du bon de commande. L\u2019annonceur est redevable en int\u00e9gralit\u00e9 du montant du bon de commande, qui est \u00e0 r\u00e9gler en une fois. L\u2019annonce sera publi\u00e9e qu\u2019apr\u00e8s r\u00e9ception du paiement total du montant \u00e0 r\u00e9gler, par virement bancaire ou ch\u00e8que, accompagn\u00e9 du bon de commande.<br \/>\nLa commande pour insertion publicitaire des coordonn\u00e9es des partenaires est conclue \u00e0 compter de et pour la dur\u00e9e inscrite sur le r\u00e9capitulatif du bon de commande. Le partenaire est redevable en int\u00e9gralit\u00e9 du montant du bon de commande, qui est \u00e0 r\u00e9gler en une fois. La commande sera tacitement reconduite d\u2019ann\u00e9e en ann\u00e9e, au premier janvier de chaque ann\u00e9e et pour une dur\u00e9e de 12 mois, sauf d\u00e9nonciation du partenaire ou de CRIS BTP, intervenue au plus tard un (1) mois avant son \u00e9ch\u00e9ance par lettre recommand\u00e9e avec accus\u00e9 de r\u00e9ception (date d\u2019envoi de la Poste faisant foi).<br \/>\nNous pourrons modifier \u00e0 tout moment nos tarifs et les pr\u00e9sentes mentions l\u00e9gales, dont les conditions g\u00e9n\u00e9rales, au fur et \u00e0 mesure de l\u2019\u00e9volution de notre offre. Dans cette hypoth\u00e8se, le partenaire ou l\u2019annonceur en sera inform\u00e9 par courriel (mail) et pourra d\u00e9noncer son engagement par lettre recommand\u00e9e avec accus\u00e9 de r\u00e9ception \u00e0 l\u2019adresse du si\u00e8ge de CRIS BTP dans un d\u00e9lai d\u2019un (1) mois suivant r\u00e9ception de ce courriel.<br \/>\nNous nous r\u00e9servons le droit de refuser, interrompre, annuler ou de r\u00e9silier de plein droit, sans d\u00e9lai, sans formalit\u00e9 et sans droit \u00e0 indemnit\u00e9 pour l\u2019annonceur ou le partenaire, en cas de non respect par ce dernier des conditions de paiement ou de la commande ou si toute ou partie de l\u2019insertion publicitaire s\u2019av\u00e8re \u00eatre contraire \u00e0 la loi fran\u00e7aise.<\/p>\n<p>&nbsp;<\/p>\n<p>| <a href=\"https:\/\/www.deco-travaux.fr\/savoie\/wp-login.php\" rel=\"nofollow\">Connexion<\/a><\/p>\n","protected":false},"excerpt":{"rendered":"<p>Le site que vous consultez actuellement est la propri\u00e9t\u00e9 de la soci\u00e9t\u00e9 &nbsp;: CRIS BTP &#8211; Deco Travaux &#8211; Montchavin &#8211; 73210&nbsp;La Plagne Tarentaise 1- HEBERGEMENT DU SITE Ce site est h\u00e9berg\u00e9 par OVH 2- CREATION DU SITE Cr\u00e9ation structure du site : CRIS BTP Cr\u00e9ation&nbsp;des&nbsp;contenus&nbsp;avec textes et images&nbsp;: CRIS BTP 3- INFORMATIQUE ET LIBERTES [&hellip;]<\/p>\n","protected":false},"author":2,"featured_media":0,"parent":23,"menu_order":1000,"comment_status":"closed","ping_status":"closed","template":"","meta":{"_monsterinsights_skip_tracking":false,"_monsterinsights_sitenote_active":false,"_monsterinsights_sitenote_note":"","_monsterinsights_sitenote_category":0,"ngg_post_thumbnail":0,"footnotes":"","_links_to":"","_links_to_target":""},"class_list":["post-59","page","type-page","status-publish","hentry"],"yoast_head":"<!-- This site is optimized with the Yoast SEO plugin v27.4 - https:\/\/yoast.com\/product\/yoast-seo-wordpress\/ -->\n<title>Mentions l\u00e9gales - Magasin Christelle carrelage, cuisines, salle de bain, menuiserie<\/title>\n<meta name=\"robots\" content=\"index, follow, max-snippet:-1, max-image-preview:large, max-video-preview:-1\" \/>\n<link rel=\"canonical\" href=\"https:\/\/www.deco-travaux.fr\/savoie\/contact\/mentions-legales\/\" \/>\n<meta property=\"og:locale\" content=\"fr_FR\" \/>\n<meta property=\"og:type\" content=\"article\" \/>\n<meta property=\"og:title\" content=\"Mentions l\u00e9gales - Magasin Christelle carrelage, cuisines, salle de bain, menuiserie\" \/>\n<meta property=\"og:description\" content=\"Le site que vous consultez actuellement est la propri\u00e9t\u00e9 de la soci\u00e9t\u00e9 &nbsp;: CRIS BTP &#8211; Deco Travaux &#8211; Montchavin &#8211; 73210&nbsp;La Plagne Tarentaise 1- HEBERGEMENT DU SITE Ce site est h\u00e9berg\u00e9 par OVH 2- CREATION DU SITE Cr\u00e9ation structure du site : CRIS BTP Cr\u00e9ation&nbsp;des&nbsp;contenus&nbsp;avec textes et images&nbsp;: CRIS BTP 3- INFORMATIQUE ET LIBERTES [&hellip;]\" \/>\n<meta property=\"og:url\" content=\"https:\/\/www.deco-travaux.fr\/savoie\/contact\/mentions-legales\/\" \/>\n<meta property=\"og:site_name\" content=\"Magasin Christelle carrelage, cuisines, salle de bain, menuiserie\" \/>\n<meta property=\"article:publisher\" content=\"https:\/\/www.facebook.com\/chrisdecotravaux\/\" \/>\n<meta property=\"article:modified_time\" content=\"2019-03-05T12:40:37+00:00\" \/>\n<meta property=\"og:image\" content=\"https:\/\/www.deco-travaux.fr\/savoie\/wp-content\/uploads\/2016\/10\/bacebook-icone.png\" \/>\n\t<meta property=\"og:image:width\" content=\"325\" \/>\n\t<meta property=\"og:image:height\" content=\"325\" \/>\n\t<meta property=\"og:image:type\" content=\"image\/png\" \/>\n<meta name=\"twitter:label1\" content=\"Dur\u00e9e de lecture estim\u00e9e\" \/>\n\t<meta name=\"twitter:data1\" content=\"6 minutes\" \/>\n<script type=\"application\/ld+json\" class=\"yoast-schema-graph\">{\"@context\":\"https:\\\/\\\/schema.org\",\"@graph\":[{\"@type\":\"WebPage\",\"@id\":\"https:\\\/\\\/www.deco-travaux.fr\\\/savoie\\\/contact\\\/mentions-legales\\\/\",\"url\":\"https:\\\/\\\/www.deco-travaux.fr\\\/savoie\\\/contact\\\/mentions-legales\\\/\",\"name\":\"Mentions l\u00e9gales - Magasin Christelle carrelage, cuisines, salle de bain, menuiserie\",\"isPartOf\":{\"@id\":\"https:\\\/\\\/www.deco-travaux.fr\\\/savoie\\\/#website\"},\"datePublished\":\"2013-06-26T16:06:29+00:00\",\"dateModified\":\"2019-03-05T12:40:37+00:00\",\"breadcrumb\":{\"@id\":\"https:\\\/\\\/www.deco-travaux.fr\\\/savoie\\\/contact\\\/mentions-legales\\\/#breadcrumb\"},\"inLanguage\":\"fr-FR\",\"potentialAction\":[{\"@type\":\"ReadAction\",\"target\":[\"https:\\\/\\\/www.deco-travaux.fr\\\/savoie\\\/contact\\\/mentions-legales\\\/\"]}]},{\"@type\":\"BreadcrumbList\",\"@id\":\"https:\\\/\\\/www.deco-travaux.fr\\\/savoie\\\/contact\\\/mentions-legales\\\/#breadcrumb\",\"itemListElement\":[{\"@type\":\"ListItem\",\"position\":1,\"name\":\"Accueil\",\"item\":\"https:\\\/\\\/www.deco-travaux.fr\\\/savoie\\\/\"},{\"@type\":\"ListItem\",\"position\":2,\"name\":\"Contact\",\"item\":\"https:\\\/\\\/www.deco-travaux.fr\\\/savoie\\\/contact\\\/\"},{\"@type\":\"ListItem\",\"position\":3,\"name\":\"Mentions l\u00e9gales\"}]},{\"@type\":\"WebSite\",\"@id\":\"https:\\\/\\\/www.deco-travaux.fr\\\/savoie\\\/#website\",\"url\":\"https:\\\/\\\/www.deco-travaux.fr\\\/savoie\\\/\",\"name\":\"Magasin Christelle carrelage, cuisines, salle de bain, menuiserie\",\"description\":\"Magasin expo de produits exceptionnels \u00e0 prix bas \u00e0 5 minutes de Bourg Saint Maurice et Aime La Plagne Tarentaise en Savoie 73\",\"potentialAction\":[{\"@type\":\"SearchAction\",\"target\":{\"@type\":\"EntryPoint\",\"urlTemplate\":\"https:\\\/\\\/www.deco-travaux.fr\\\/savoie\\\/?s={search_term_string}\"},\"query-input\":{\"@type\":\"PropertyValueSpecification\",\"valueRequired\":true,\"valueName\":\"search_term_string\"}}],\"inLanguage\":\"fr-FR\"}]}<\/script>\n<!-- \/ Yoast SEO plugin. -->","yoast_head_json":{"title":"Mentions l\u00e9gales - Magasin Christelle carrelage, cuisines, salle de bain, menuiserie","robots":{"index":"index","follow":"follow","max-snippet":"max-snippet:-1","max-image-preview":"max-image-preview:large","max-video-preview":"max-video-preview:-1"},"canonical":"https:\/\/www.deco-travaux.fr\/savoie\/contact\/mentions-legales\/","og_locale":"fr_FR","og_type":"article","og_title":"Mentions l\u00e9gales - Magasin Christelle carrelage, cuisines, salle de bain, menuiserie","og_description":"Le site que vous consultez actuellement est la propri\u00e9t\u00e9 de la soci\u00e9t\u00e9 &nbsp;: CRIS BTP &#8211; Deco Travaux &#8211; Montchavin &#8211; 73210&nbsp;La Plagne Tarentaise 1- HEBERGEMENT DU SITE Ce site est h\u00e9berg\u00e9 par OVH 2- CREATION DU SITE Cr\u00e9ation structure du site : CRIS BTP Cr\u00e9ation&nbsp;des&nbsp;contenus&nbsp;avec textes et images&nbsp;: CRIS BTP 3- INFORMATIQUE ET LIBERTES [&hellip;]","og_url":"https:\/\/www.deco-travaux.fr\/savoie\/contact\/mentions-legales\/","og_site_name":"Magasin Christelle carrelage, cuisines, salle de bain, menuiserie","article_publisher":"https:\/\/www.facebook.com\/chrisdecotravaux\/","article_modified_time":"2019-03-05T12:40:37+00:00","og_image":[{"width":325,"height":325,"url":"https:\/\/www.deco-travaux.fr\/savoie\/wp-content\/uploads\/2016\/10\/bacebook-icone.png","type":"image\/png"}],"twitter_misc":{"Dur\u00e9e de lecture estim\u00e9e":"6 minutes"},"schema":{"@context":"https:\/\/schema.org","@graph":[{"@type":"WebPage","@id":"https:\/\/www.deco-travaux.fr\/savoie\/contact\/mentions-legales\/","url":"https:\/\/www.deco-travaux.fr\/savoie\/contact\/mentions-legales\/","name":"Mentions l\u00e9gales - Magasin Christelle carrelage, cuisines, salle de bain, menuiserie","isPartOf":{"@id":"https:\/\/www.deco-travaux.fr\/savoie\/#website"},"datePublished":"2013-06-26T16:06:29+00:00","dateModified":"2019-03-05T12:40:37+00:00","breadcrumb":{"@id":"https:\/\/www.deco-travaux.fr\/savoie\/contact\/mentions-legales\/#breadcrumb"},"inLanguage":"fr-FR","potentialAction":[{"@type":"ReadAction","target":["https:\/\/www.deco-travaux.fr\/savoie\/contact\/mentions-legales\/"]}]},{"@type":"BreadcrumbList","@id":"https:\/\/www.deco-travaux.fr\/savoie\/contact\/mentions-legales\/#breadcrumb","itemListElement":[{"@type":"ListItem","position":1,"name":"Accueil","item":"https:\/\/www.deco-travaux.fr\/savoie\/"},{"@type":"ListItem","position":2,"name":"Contact","item":"https:\/\/www.deco-travaux.fr\/savoie\/contact\/"},{"@type":"ListItem","position":3,"name":"Mentions l\u00e9gales"}]},{"@type":"WebSite","@id":"https:\/\/www.deco-travaux.fr\/savoie\/#website","url":"https:\/\/www.deco-travaux.fr\/savoie\/","name":"Magasin Christelle carrelage, cuisines, salle de bain, menuiserie","description":"Magasin expo de produits exceptionnels \u00e0 prix bas \u00e0 5 minutes de Bourg Saint Maurice et Aime La Plagne Tarentaise en Savoie 73","potentialAction":[{"@type":"SearchAction","target":{"@type":"EntryPoint","urlTemplate":"https:\/\/www.deco-travaux.fr\/savoie\/?s={search_term_string}"},"query-input":{"@type":"PropertyValueSpecification","valueRequired":true,"valueName":"search_term_string"}}],"inLanguage":"fr-FR"}]}},"_links":{"self":[{"href":"https:\/\/www.deco-travaux.fr\/savoie\/wp-json\/wp\/v2\/pages\/59","targetHints":{"allow":["GET"]}}],"collection":[{"href":"https:\/\/www.deco-travaux.fr\/savoie\/wp-json\/wp\/v2\/pages"}],"about":[{"href":"https:\/\/www.deco-travaux.fr\/savoie\/wp-json\/wp\/v2\/types\/page"}],"author":[{"embeddable":true,"href":"https:\/\/www.deco-travaux.fr\/savoie\/wp-json\/wp\/v2\/users\/2"}],"replies":[{"embeddable":true,"href":"https:\/\/www.deco-travaux.fr\/savoie\/wp-json\/wp\/v2\/comments?post=59"}],"version-history":[{"count":36,"href":"https:\/\/www.deco-travaux.fr\/savoie\/wp-json\/wp\/v2\/pages\/59\/revisions"}],"predecessor-version":[{"id":4482,"href":"https:\/\/www.deco-travaux.fr\/savoie\/wp-json\/wp\/v2\/pages\/59\/revisions\/4482"}],"up":[{"embeddable":true,"href":"https:\/\/www.deco-travaux.fr\/savoie\/wp-json\/wp\/v2\/pages\/23"}],"wp:attachment":[{"href":"https:\/\/www.deco-travaux.fr\/savoie\/wp-json\/wp\/v2\/media?parent=59"}],"curies":[{"name":"wp","href":"https:\/\/api.w.org\/{rel}","templated":true}]}}