{"id":40,"date":"2013-06-12T15:40:57","date_gmt":"2013-06-12T14:40:57","guid":{"rendered":"http:\/\/www.deco-travaux.fr\/savoie\/?page_id=40"},"modified":"2023-04-02T20:16:05","modified_gmt":"2023-04-02T19:16:05","slug":"magasin-mobilier-produits-novateurs-resistants","status":"publish","type":"page","link":"https:\/\/www.deco-travaux.fr\/savoie\/assistance-travaux\/maitre-oeuvre-conseil-travaux-renovation\/magasin-mobilier-produits-novateurs-resistants\/","title":{"rendered":"Produits novateurs r\u00e9sistants"},"content":{"rendered":"<h3><span style=\"color: #33cccc; font-size: 14pt;\"><span style=\"color: #33cccc;\"><span style=\"font-size: 14pt;\">Qualit\u00e9 des produits, respect des d\u00e9lais et des co\u00fbts pour la vente de produits rares uniques, innovants et <\/span><span style=\"font-size: 18.6667px;\">r\u00e9sistants<\/span><span style=\"font-size: 14pt;\">.<\/span><\/span><\/span><\/h3>\n<p>Apr\u00e8s analyse de vos besoins, <strong>Christelle Blanchet ma\u00eetre d&rsquo;\u0153uvre en Savoie,<\/strong> <strong>vous propose des produits innovants, du mobilier unique solide et des am\u00e9nagements adapt\u00e9s.<\/strong><br \/>\n<a title=\"R\u00e9alisations\" href=\"https:\/\/www.deco-travaux.fr\/savoie\/realisations\/\">Les r\u00e9alisations de deco-travaux.fr&nbsp;<\/a>r\u00e9v\u00e8lent une <strong>r\u00e9elle exigence pour les solutions techniques, des ambiances uniques, l\u2019\u00e9l\u00e9gance et un soin pouss\u00e9 du d\u00e9tail,<\/strong> avec des proc\u00e9d\u00e9s et produits novateurs.<\/p>\n<p>Nous ma\u00eetrisons les techniques de travaux courants et sp\u00e9ciaux avec des produits techniques adapt\u00e9s, innovants et r\u00e9sistants.<a href=\"https:\/\/www.deco-travaux.fr\/savoie\/wp-content\/uploads\/2013\/06\/CRIS-BTP-pierre-deco-travaux.jpg\"><img decoding=\"async\" class=\"alignright\" src=\"https:\/\/www.deco-travaux.fr\/savoie\/wp-content\/uploads\/2013\/06\/CRIS-BTP-pierre-deco-travaux-300x225.jpg\" alt=\"CRIS BTP pierre deco travaux\" width=\"191\" height=\"130\"><\/a><\/p>\n<p style=\"padding-left: 30px;\">&nbsp;<\/p>\n<p>&nbsp;<\/p>\n<p><strong><a title=\"Contactez CRIS BTP\" href=\"https:\/\/www.deco-travaux.fr\/savoie\/contact\/\">Contactez CRIS BTP<\/a> ma\u00eetre d\u2019\u0153uvre en Savoie <\/strong>pour en savoir plus.<\/p>\n","protected":false},"excerpt":{"rendered":"<p>Qualit\u00e9 des produits, respect des d\u00e9lais et des co\u00fbts pour la vente de produits rares uniques, innovants et r\u00e9sistants. Apr\u00e8s analyse de vos besoins, Christelle Blanchet ma\u00eetre d&rsquo;\u0153uvre en Savoie, vous propose des produits innovants, du mobilier unique solide et des am\u00e9nagements adapt\u00e9s. Les r\u00e9alisations de deco-travaux.fr&nbsp;r\u00e9v\u00e8lent une r\u00e9elle exigence pour les solutions techniques, des [&hellip;]<\/p>\n","protected":false},"author":2,"featured_media":0,"parent":32,"menu_order":30,"comment_status":"closed","ping_status":"closed","template":"","meta":{"_monsterinsights_skip_tracking":false,"_monsterinsights_sitenote_active":false,"_monsterinsights_sitenote_note":"","_monsterinsights_sitenote_category":0,"ngg_post_thumbnail":0,"footnotes":"","_links_to":"","_links_to_target":""},"class_list":["post-40","page","type-page","status-publish","hentry"],"yoast_head":"<!-- This site is optimized with the Yoast SEO plugin v27.4 - https:\/\/yoast.com\/product\/yoast-seo-wordpress\/ -->\n<title>produits innovants, mobilier unique solide et moderne en Savoie<\/title>\n<meta name=\"description\" content=\"Magasin Savoie de produits innovants, mobilier unique solide, mat\u00e9riaux novateurs pour travaux parfaits ou sp\u00e9ciaux, avec d\u00e9lais courts\" \/>\n<meta name=\"robots\" content=\"index, follow, max-snippet:-1, max-image-preview:large, max-video-preview:-1\" \/>\n<link rel=\"canonical\" href=\"https:\/\/www.deco-travaux.fr\/savoie\/assistance-travaux\/maitre-oeuvre-conseil-travaux-renovation\/magasin-mobilier-produits-novateurs-resistants\/\" \/>\n<meta property=\"og:locale\" content=\"fr_FR\" \/>\n<meta property=\"og:type\" content=\"article\" \/>\n<meta property=\"og:title\" content=\"produits innovants, mobilier unique solide et moderne en Savoie\" \/>\n<meta property=\"og:description\" content=\"Magasin Savoie de produits innovants, mobilier unique solide, mat\u00e9riaux novateurs pour travaux parfaits ou sp\u00e9ciaux, avec d\u00e9lais courts\" \/>\n<meta property=\"og:url\" content=\"https:\/\/www.deco-travaux.fr\/savoie\/assistance-travaux\/maitre-oeuvre-conseil-travaux-renovation\/magasin-mobilier-produits-novateurs-resistants\/\" \/>\n<meta property=\"og:site_name\" content=\"Magasin Christelle carrelage, cuisines, salle de bain, menuiserie\" \/>\n<meta property=\"article:publisher\" content=\"https:\/\/www.facebook.com\/chrisdecotravaux\/\" \/>\n<meta property=\"article:modified_time\" content=\"2023-04-02T19:16:05+00:00\" \/>\n<meta property=\"og:image\" content=\"http:\/\/www.deco-travaux.fr\/savoie\/wp-content\/uploads\/2013\/06\/CRIS-BTP-pierre-deco-travaux-300x225.jpg\" \/>\n<meta name=\"twitter:label1\" content=\"Dur\u00e9e de lecture estim\u00e9e\" \/>\n\t<meta name=\"twitter:data1\" content=\"1 minute\" \/>\n<script type=\"application\/ld+json\" class=\"yoast-schema-graph\">{\"@context\":\"https:\\\/\\\/schema.org\",\"@graph\":[{\"@type\":\"WebPage\",\"@id\":\"https:\\\/\\\/www.deco-travaux.fr\\\/savoie\\\/assistance-travaux\\\/maitre-oeuvre-conseil-travaux-renovation\\\/magasin-mobilier-produits-novateurs-resistants\\\/\",\"url\":\"https:\\\/\\\/www.deco-travaux.fr\\\/savoie\\\/assistance-travaux\\\/maitre-oeuvre-conseil-travaux-renovation\\\/magasin-mobilier-produits-novateurs-resistants\\\/\",\"name\":\"produits innovants, mobilier unique solide et moderne en Savoie\",\"isPartOf\":{\"@id\":\"https:\\\/\\\/www.deco-travaux.fr\\\/savoie\\\/#website\"},\"primaryImageOfPage\":{\"@id\":\"https:\\\/\\\/www.deco-travaux.fr\\\/savoie\\\/assistance-travaux\\\/maitre-oeuvre-conseil-travaux-renovation\\\/magasin-mobilier-produits-novateurs-resistants\\\/#primaryimage\"},\"image\":{\"@id\":\"https:\\\/\\\/www.deco-travaux.fr\\\/savoie\\\/assistance-travaux\\\/maitre-oeuvre-conseil-travaux-renovation\\\/magasin-mobilier-produits-novateurs-resistants\\\/#primaryimage\"},\"thumbnailUrl\":\"http:\\\/\\\/www.deco-travaux.fr\\\/savoie\\\/wp-content\\\/uploads\\\/2013\\\/06\\\/CRIS-BTP-pierre-deco-travaux-300x225.jpg\",\"datePublished\":\"2013-06-12T14:40:57+00:00\",\"dateModified\":\"2023-04-02T19:16:05+00:00\",\"description\":\"Magasin Savoie de produits innovants, mobilier unique solide, mat\u00e9riaux novateurs pour travaux parfaits ou sp\u00e9ciaux, avec d\u00e9lais courts\",\"breadcrumb\":{\"@id\":\"https:\\\/\\\/www.deco-travaux.fr\\\/savoie\\\/assistance-travaux\\\/maitre-oeuvre-conseil-travaux-renovation\\\/magasin-mobilier-produits-novateurs-resistants\\\/#breadcrumb\"},\"inLanguage\":\"fr-FR\",\"potentialAction\":[{\"@type\":\"ReadAction\",\"target\":[\"https:\\\/\\\/www.deco-travaux.fr\\\/savoie\\\/assistance-travaux\\\/maitre-oeuvre-conseil-travaux-renovation\\\/magasin-mobilier-produits-novateurs-resistants\\\/\"]}]},{\"@type\":\"ImageObject\",\"inLanguage\":\"fr-FR\",\"@id\":\"https:\\\/\\\/www.deco-travaux.fr\\\/savoie\\\/assistance-travaux\\\/maitre-oeuvre-conseil-travaux-renovation\\\/magasin-mobilier-produits-novateurs-resistants\\\/#primaryimage\",\"url\":\"https:\\\/\\\/www.deco-travaux.fr\\\/savoie\\\/wp-content\\\/uploads\\\/2013\\\/06\\\/CRIS-BTP-pierre-deco-travaux.jpg\",\"contentUrl\":\"https:\\\/\\\/www.deco-travaux.fr\\\/savoie\\\/wp-content\\\/uploads\\\/2013\\\/06\\\/CRIS-BTP-pierre-deco-travaux.jpg\",\"width\":640,\"height\":480},{\"@type\":\"BreadcrumbList\",\"@id\":\"https:\\\/\\\/www.deco-travaux.fr\\\/savoie\\\/assistance-travaux\\\/maitre-oeuvre-conseil-travaux-renovation\\\/magasin-mobilier-produits-novateurs-resistants\\\/#breadcrumb\",\"itemListElement\":[{\"@type\":\"ListItem\",\"position\":1,\"name\":\"Accueil\",\"item\":\"https:\\\/\\\/www.deco-travaux.fr\\\/savoie\\\/\"},{\"@type\":\"ListItem\",\"position\":2,\"name\":\"Services\",\"item\":\"https:\\\/\\\/www.deco-travaux.fr\\\/savoie\\\/assistance-travaux\\\/\"},{\"@type\":\"ListItem\",\"position\":3,\"name\":\"Offres\",\"item\":\"\\\/\"},{\"@type\":\"ListItem\",\"position\":4,\"name\":\"Produits novateurs r\u00e9sistants\"}]},{\"@type\":\"WebSite\",\"@id\":\"https:\\\/\\\/www.deco-travaux.fr\\\/savoie\\\/#website\",\"url\":\"https:\\\/\\\/www.deco-travaux.fr\\\/savoie\\\/\",\"name\":\"Magasin Christelle carrelage, cuisines, salle de bain, menuiserie\",\"description\":\"Magasin expo de produits exceptionnels \u00e0 prix bas \u00e0 5 minutes de Bourg Saint Maurice et Aime La Plagne Tarentaise en Savoie 73\",\"potentialAction\":[{\"@type\":\"SearchAction\",\"target\":{\"@type\":\"EntryPoint\",\"urlTemplate\":\"https:\\\/\\\/www.deco-travaux.fr\\\/savoie\\\/?s={search_term_string}\"},\"query-input\":{\"@type\":\"PropertyValueSpecification\",\"valueRequired\":true,\"valueName\":\"search_term_string\"}}],\"inLanguage\":\"fr-FR\"}]}<\/script>\n<!-- \/ Yoast SEO plugin. -->","yoast_head_json":{"title":"produits innovants, mobilier unique solide et moderne en Savoie","description":"Magasin Savoie de produits innovants, mobilier unique solide, mat\u00e9riaux novateurs pour travaux parfaits ou sp\u00e9ciaux, avec d\u00e9lais courts","robots":{"index":"index","follow":"follow","max-snippet":"max-snippet:-1","max-image-preview":"max-image-preview:large","max-video-preview":"max-video-preview:-1"},"canonical":"https:\/\/www.deco-travaux.fr\/savoie\/assistance-travaux\/maitre-oeuvre-conseil-travaux-renovation\/magasin-mobilier-produits-novateurs-resistants\/","og_locale":"fr_FR","og_type":"article","og_title":"produits innovants, mobilier unique solide et moderne en Savoie","og_description":"Magasin Savoie de produits innovants, mobilier unique solide, mat\u00e9riaux novateurs pour travaux parfaits ou sp\u00e9ciaux, avec d\u00e9lais courts","og_url":"https:\/\/www.deco-travaux.fr\/savoie\/assistance-travaux\/maitre-oeuvre-conseil-travaux-renovation\/magasin-mobilier-produits-novateurs-resistants\/","og_site_name":"Magasin Christelle carrelage, cuisines, salle de bain, menuiserie","article_publisher":"https:\/\/www.facebook.com\/chrisdecotravaux\/","article_modified_time":"2023-04-02T19:16:05+00:00","og_image":[{"url":"http:\/\/www.deco-travaux.fr\/savoie\/wp-content\/uploads\/2013\/06\/CRIS-BTP-pierre-deco-travaux-300x225.jpg","type":"","width":"","height":""}],"twitter_misc":{"Dur\u00e9e de lecture estim\u00e9e":"1 minute"},"schema":{"@context":"https:\/\/schema.org","@graph":[{"@type":"WebPage","@id":"https:\/\/www.deco-travaux.fr\/savoie\/assistance-travaux\/maitre-oeuvre-conseil-travaux-renovation\/magasin-mobilier-produits-novateurs-resistants\/","url":"https:\/\/www.deco-travaux.fr\/savoie\/assistance-travaux\/maitre-oeuvre-conseil-travaux-renovation\/magasin-mobilier-produits-novateurs-resistants\/","name":"produits innovants, mobilier unique solide et moderne en Savoie","isPartOf":{"@id":"https:\/\/www.deco-travaux.fr\/savoie\/#website"},"primaryImageOfPage":{"@id":"https:\/\/www.deco-travaux.fr\/savoie\/assistance-travaux\/maitre-oeuvre-conseil-travaux-renovation\/magasin-mobilier-produits-novateurs-resistants\/#primaryimage"},"image":{"@id":"https:\/\/www.deco-travaux.fr\/savoie\/assistance-travaux\/maitre-oeuvre-conseil-travaux-renovation\/magasin-mobilier-produits-novateurs-resistants\/#primaryimage"},"thumbnailUrl":"http:\/\/www.deco-travaux.fr\/savoie\/wp-content\/uploads\/2013\/06\/CRIS-BTP-pierre-deco-travaux-300x225.jpg","datePublished":"2013-06-12T14:40:57+00:00","dateModified":"2023-04-02T19:16:05+00:00","description":"Magasin Savoie de produits innovants, mobilier unique solide, mat\u00e9riaux novateurs pour travaux parfaits ou sp\u00e9ciaux, avec d\u00e9lais courts","breadcrumb":{"@id":"https:\/\/www.deco-travaux.fr\/savoie\/assistance-travaux\/maitre-oeuvre-conseil-travaux-renovation\/magasin-mobilier-produits-novateurs-resistants\/#breadcrumb"},"inLanguage":"fr-FR","potentialAction":[{"@type":"ReadAction","target":["https:\/\/www.deco-travaux.fr\/savoie\/assistance-travaux\/maitre-oeuvre-conseil-travaux-renovation\/magasin-mobilier-produits-novateurs-resistants\/"]}]},{"@type":"ImageObject","inLanguage":"fr-FR","@id":"https:\/\/www.deco-travaux.fr\/savoie\/assistance-travaux\/maitre-oeuvre-conseil-travaux-renovation\/magasin-mobilier-produits-novateurs-resistants\/#primaryimage","url":"https:\/\/www.deco-travaux.fr\/savoie\/wp-content\/uploads\/2013\/06\/CRIS-BTP-pierre-deco-travaux.jpg","contentUrl":"https:\/\/www.deco-travaux.fr\/savoie\/wp-content\/uploads\/2013\/06\/CRIS-BTP-pierre-deco-travaux.jpg","width":640,"height":480},{"@type":"BreadcrumbList","@id":"https:\/\/www.deco-travaux.fr\/savoie\/assistance-travaux\/maitre-oeuvre-conseil-travaux-renovation\/magasin-mobilier-produits-novateurs-resistants\/#breadcrumb","itemListElement":[{"@type":"ListItem","position":1,"name":"Accueil","item":"https:\/\/www.deco-travaux.fr\/savoie\/"},{"@type":"ListItem","position":2,"name":"Services","item":"https:\/\/www.deco-travaux.fr\/savoie\/assistance-travaux\/"},{"@type":"ListItem","position":3,"name":"Offres","item":"\/"},{"@type":"ListItem","position":4,"name":"Produits novateurs r\u00e9sistants"}]},{"@type":"WebSite","@id":"https:\/\/www.deco-travaux.fr\/savoie\/#website","url":"https:\/\/www.deco-travaux.fr\/savoie\/","name":"Magasin Christelle carrelage, cuisines, salle de bain, menuiserie","description":"Magasin expo de produits exceptionnels \u00e0 prix bas \u00e0 5 minutes de Bourg Saint Maurice et Aime La Plagne Tarentaise en Savoie 73","potentialAction":[{"@type":"SearchAction","target":{"@type":"EntryPoint","urlTemplate":"https:\/\/www.deco-travaux.fr\/savoie\/?s={search_term_string}"},"query-input":{"@type":"PropertyValueSpecification","valueRequired":true,"valueName":"search_term_string"}}],"inLanguage":"fr-FR"}]}},"_links":{"self":[{"href":"https:\/\/www.deco-travaux.fr\/savoie\/wp-json\/wp\/v2\/pages\/40","targetHints":{"allow":["GET"]}}],"collection":[{"href":"https:\/\/www.deco-travaux.fr\/savoie\/wp-json\/wp\/v2\/pages"}],"about":[{"href":"https:\/\/www.deco-travaux.fr\/savoie\/wp-json\/wp\/v2\/types\/page"}],"author":[{"embeddable":true,"href":"https:\/\/www.deco-travaux.fr\/savoie\/wp-json\/wp\/v2\/users\/2"}],"replies":[{"embeddable":true,"href":"https:\/\/www.deco-travaux.fr\/savoie\/wp-json\/wp\/v2\/comments?post=40"}],"version-history":[{"count":130,"href":"https:\/\/www.deco-travaux.fr\/savoie\/wp-json\/wp\/v2\/pages\/40\/revisions"}],"predecessor-version":[{"id":4985,"href":"https:\/\/www.deco-travaux.fr\/savoie\/wp-json\/wp\/v2\/pages\/40\/revisions\/4985"}],"up":[{"embeddable":true,"href":"https:\/\/www.deco-travaux.fr\/savoie\/wp-json\/wp\/v2\/pages\/32"}],"wp:attachment":[{"href":"https:\/\/www.deco-travaux.fr\/savoie\/wp-json\/wp\/v2\/media?parent=40"}],"curies":[{"name":"wp","href":"https:\/\/api.w.org\/{rel}","templated":true}]}}