{"id":34,"date":"2013-06-12T15:34:42","date_gmt":"2013-06-12T14:34:42","guid":{"rendered":"http:\/\/www.deco-travaux.fr\/savoie\/?page_id=34"},"modified":"2023-03-31T17:41:19","modified_gmt":"2023-03-31T16:41:19","slug":"magasin-batiment-design","status":"publish","type":"page","link":"https:\/\/www.deco-travaux.fr\/savoie\/assistance-travaux\/maitre-oeuvre-conseil-travaux-renovation\/magasin-batiment-design\/","title":{"rendered":"Offre personnalis\u00e9e"},"content":{"rendered":"<p><b>Achetez des produits du magasin \u00e0 Landry situ\u00e9 sur le canton Aime Bourg St Maurice en Savoie 73 pour personnaliser votre int\u00e9rieur.<\/b><\/p>\n<p>Pour chaque projet Christelle Blanchet, ma\u00eetre d&rsquo;\u0153uvre en b\u00e2timent,&nbsp; adapte les produits b\u00e2timents de qualit\u00e9 design, modernes pour cr\u00e9er un espace harmonieux, chaleureux et unique pour satisfaire les besoins d\u2019une client\u00e8le fid\u00e8le.<\/p>\n<p><em>Pour exemple, nous avons plus de 1500 teintes de peintures et lasures, adapt\u00e9es \u00e0 tous support, en mat, velours, satin ou brillant. Notre gamme de carrelage en gr\u00e8s c\u00e9ramique pleine masse ou \u00e9maill\u00e9 est vaste et <span style=\"text-decoration: underline;\">non pr\u00e9sent chez les n\u00e9goces de la r\u00e9gion<\/span>. Pour vos cuisines, salons, chambres ou salles de bains CRIS BTP vend des carreaux&nbsp; de formats multiples&nbsp;jusqu&rsquo;\u00e0 3 m\u00e8tres r\u00e9sistants.<\/em><\/p>\n<p><em>Les meubles cuisines et salles de bains arrivent d\u00e9j\u00e0 mont\u00e9s d&rsquo;usine, prot\u00e9g\u00e9s, pr\u00eats \u00e0 \u00eatre install\u00e9s chez vous. Ils sont <\/em><em>en bois, vieux bois hydrofuges, m\u00e9lamines, HPL, pierre, r\u00e9sine ou c\u00e9ramique exceptionnels. Les dressings, cuisines et meubles de salles de bains sont modernes et pratiques.<\/em><\/p>\n<p>&nbsp;<\/p>\n<h3><span style=\"color: #33cccc;\">Assistance travaux en Savoie<\/span><\/h3>\n<p>Vous pouvez recevoir vos commandes types carrelages, peintures ou sanitaires directement \u00e0 votre domicile ou sur votre chantier.<\/p>\n<p>Particuliers ou professionnel, nous vous mettons en relation, sans commission. Christelle Blanchet connue pour son honn\u00eatet\u00e9, est en contact avec des autoentrepreneurs, artisans et professionnels s\u00e9rieux, qui partagent l&rsquo;esprit \u00ab\u00a0donnant-donnant\u00a0\u00bb.<\/p>\n<p>&nbsp;<\/p>\n","protected":false},"excerpt":{"rendered":"<p>Achetez des produits du magasin \u00e0 Landry situ\u00e9 sur le canton Aime Bourg St Maurice en Savoie 73 pour personnaliser votre int\u00e9rieur. Pour chaque projet Christelle Blanchet, ma\u00eetre d&rsquo;\u0153uvre en b\u00e2timent,&nbsp; adapte les produits b\u00e2timents de qualit\u00e9 design, modernes pour cr\u00e9er un espace harmonieux, chaleureux et unique pour satisfaire les besoins d\u2019une client\u00e8le fid\u00e8le. Pour [&hellip;]<\/p>\n","protected":false},"author":2,"featured_media":0,"parent":32,"menu_order":10,"comment_status":"closed","ping_status":"closed","template":"","meta":{"_monsterinsights_skip_tracking":false,"_monsterinsights_sitenote_active":false,"_monsterinsights_sitenote_note":"","_monsterinsights_sitenote_category":0,"ngg_post_thumbnail":0,"footnotes":"","_links_to":"","_links_to_target":""},"class_list":["post-34","page","type-page","status-publish","hentry"],"yoast_head":"<!-- This site is optimized with the Yoast SEO plugin v27.4 - https:\/\/yoast.com\/product\/yoast-seo-wordpress\/ -->\n<title>magasin \u00e0 Landry votre int\u00e9rieur avec produits b\u00e2timent design<\/title>\n<meta name=\"description\" content=\"magasin \u00e0 Landry situ\u00e9 sur le canton Aime Bourg St Maurice en Savoie 73 pour personnaliser votre int\u00e9rieur avec produits de b\u00e2timent design\" \/>\n<meta name=\"robots\" content=\"index, follow, max-snippet:-1, max-image-preview:large, max-video-preview:-1\" \/>\n<link rel=\"canonical\" href=\"https:\/\/www.deco-travaux.fr\/savoie\/assistance-travaux\/maitre-oeuvre-conseil-travaux-renovation\/magasin-batiment-design\/\" \/>\n<meta property=\"og:locale\" content=\"fr_FR\" \/>\n<meta property=\"og:type\" content=\"article\" \/>\n<meta property=\"og:title\" content=\"magasin \u00e0 Landry votre int\u00e9rieur avec produits b\u00e2timent design\" \/>\n<meta property=\"og:description\" content=\"magasin \u00e0 Landry situ\u00e9 sur le canton Aime Bourg St Maurice en Savoie 73 pour personnaliser votre int\u00e9rieur avec produits de b\u00e2timent design\" \/>\n<meta property=\"og:url\" content=\"https:\/\/www.deco-travaux.fr\/savoie\/assistance-travaux\/maitre-oeuvre-conseil-travaux-renovation\/magasin-batiment-design\/\" \/>\n<meta property=\"og:site_name\" content=\"Magasin Christelle carrelage, cuisines, salle de bain, menuiserie\" \/>\n<meta property=\"article:publisher\" content=\"https:\/\/www.facebook.com\/chrisdecotravaux\/\" \/>\n<meta property=\"article:modified_time\" content=\"2023-03-31T16:41:19+00:00\" \/>\n<meta property=\"og:image\" content=\"https:\/\/www.deco-travaux.fr\/savoie\/wp-content\/uploads\/2016\/10\/bacebook-icone.png\" \/>\n\t<meta property=\"og:image:width\" content=\"325\" \/>\n\t<meta property=\"og:image:height\" content=\"325\" \/>\n\t<meta property=\"og:image:type\" content=\"image\/png\" \/>\n<meta name=\"twitter:label1\" content=\"Dur\u00e9e de lecture estim\u00e9e\" \/>\n\t<meta name=\"twitter:data1\" content=\"2 minutes\" \/>\n<script type=\"application\/ld+json\" class=\"yoast-schema-graph\">{\"@context\":\"https:\\\/\\\/schema.org\",\"@graph\":[{\"@type\":\"WebPage\",\"@id\":\"https:\\\/\\\/www.deco-travaux.fr\\\/savoie\\\/assistance-travaux\\\/maitre-oeuvre-conseil-travaux-renovation\\\/magasin-batiment-design\\\/\",\"url\":\"https:\\\/\\\/www.deco-travaux.fr\\\/savoie\\\/assistance-travaux\\\/maitre-oeuvre-conseil-travaux-renovation\\\/magasin-batiment-design\\\/\",\"name\":\"magasin \u00e0 Landry votre int\u00e9rieur avec produits b\u00e2timent design\",\"isPartOf\":{\"@id\":\"https:\\\/\\\/www.deco-travaux.fr\\\/savoie\\\/#website\"},\"datePublished\":\"2013-06-12T14:34:42+00:00\",\"dateModified\":\"2023-03-31T16:41:19+00:00\",\"description\":\"magasin \u00e0 Landry situ\u00e9 sur le canton Aime Bourg St Maurice en Savoie 73 pour personnaliser votre int\u00e9rieur avec produits de b\u00e2timent design\",\"breadcrumb\":{\"@id\":\"https:\\\/\\\/www.deco-travaux.fr\\\/savoie\\\/assistance-travaux\\\/maitre-oeuvre-conseil-travaux-renovation\\\/magasin-batiment-design\\\/#breadcrumb\"},\"inLanguage\":\"fr-FR\",\"potentialAction\":[{\"@type\":\"ReadAction\",\"target\":[\"https:\\\/\\\/www.deco-travaux.fr\\\/savoie\\\/assistance-travaux\\\/maitre-oeuvre-conseil-travaux-renovation\\\/magasin-batiment-design\\\/\"]}]},{\"@type\":\"BreadcrumbList\",\"@id\":\"https:\\\/\\\/www.deco-travaux.fr\\\/savoie\\\/assistance-travaux\\\/maitre-oeuvre-conseil-travaux-renovation\\\/magasin-batiment-design\\\/#breadcrumb\",\"itemListElement\":[{\"@type\":\"ListItem\",\"position\":1,\"name\":\"Accueil\",\"item\":\"https:\\\/\\\/www.deco-travaux.fr\\\/savoie\\\/\"},{\"@type\":\"ListItem\",\"position\":2,\"name\":\"Services\",\"item\":\"https:\\\/\\\/www.deco-travaux.fr\\\/savoie\\\/assistance-travaux\\\/\"},{\"@type\":\"ListItem\",\"position\":3,\"name\":\"Offres\",\"item\":\"\\\/\"},{\"@type\":\"ListItem\",\"position\":4,\"name\":\"Offre personnalis\u00e9e\"}]},{\"@type\":\"WebSite\",\"@id\":\"https:\\\/\\\/www.deco-travaux.fr\\\/savoie\\\/#website\",\"url\":\"https:\\\/\\\/www.deco-travaux.fr\\\/savoie\\\/\",\"name\":\"Magasin Christelle carrelage, cuisines, salle de bain, menuiserie\",\"description\":\"Magasin expo de produits exceptionnels \u00e0 prix bas \u00e0 5 minutes de Bourg Saint Maurice et Aime La Plagne Tarentaise en Savoie 73\",\"potentialAction\":[{\"@type\":\"SearchAction\",\"target\":{\"@type\":\"EntryPoint\",\"urlTemplate\":\"https:\\\/\\\/www.deco-travaux.fr\\\/savoie\\\/?s={search_term_string}\"},\"query-input\":{\"@type\":\"PropertyValueSpecification\",\"valueRequired\":true,\"valueName\":\"search_term_string\"}}],\"inLanguage\":\"fr-FR\"}]}<\/script>\n<!-- \/ Yoast SEO plugin. -->","yoast_head_json":{"title":"magasin \u00e0 Landry votre int\u00e9rieur avec produits b\u00e2timent design","description":"magasin \u00e0 Landry situ\u00e9 sur le canton Aime Bourg St Maurice en Savoie 73 pour personnaliser votre int\u00e9rieur avec produits de b\u00e2timent design","robots":{"index":"index","follow":"follow","max-snippet":"max-snippet:-1","max-image-preview":"max-image-preview:large","max-video-preview":"max-video-preview:-1"},"canonical":"https:\/\/www.deco-travaux.fr\/savoie\/assistance-travaux\/maitre-oeuvre-conseil-travaux-renovation\/magasin-batiment-design\/","og_locale":"fr_FR","og_type":"article","og_title":"magasin \u00e0 Landry votre int\u00e9rieur avec produits b\u00e2timent design","og_description":"magasin \u00e0 Landry situ\u00e9 sur le canton Aime Bourg St Maurice en Savoie 73 pour personnaliser votre int\u00e9rieur avec produits de b\u00e2timent design","og_url":"https:\/\/www.deco-travaux.fr\/savoie\/assistance-travaux\/maitre-oeuvre-conseil-travaux-renovation\/magasin-batiment-design\/","og_site_name":"Magasin Christelle carrelage, cuisines, salle de bain, menuiserie","article_publisher":"https:\/\/www.facebook.com\/chrisdecotravaux\/","article_modified_time":"2023-03-31T16:41:19+00:00","og_image":[{"width":325,"height":325,"url":"https:\/\/www.deco-travaux.fr\/savoie\/wp-content\/uploads\/2016\/10\/bacebook-icone.png","type":"image\/png"}],"twitter_misc":{"Dur\u00e9e de lecture estim\u00e9e":"2 minutes"},"schema":{"@context":"https:\/\/schema.org","@graph":[{"@type":"WebPage","@id":"https:\/\/www.deco-travaux.fr\/savoie\/assistance-travaux\/maitre-oeuvre-conseil-travaux-renovation\/magasin-batiment-design\/","url":"https:\/\/www.deco-travaux.fr\/savoie\/assistance-travaux\/maitre-oeuvre-conseil-travaux-renovation\/magasin-batiment-design\/","name":"magasin \u00e0 Landry votre int\u00e9rieur avec produits b\u00e2timent design","isPartOf":{"@id":"https:\/\/www.deco-travaux.fr\/savoie\/#website"},"datePublished":"2013-06-12T14:34:42+00:00","dateModified":"2023-03-31T16:41:19+00:00","description":"magasin \u00e0 Landry situ\u00e9 sur le canton Aime Bourg St Maurice en Savoie 73 pour personnaliser votre int\u00e9rieur avec produits de b\u00e2timent design","breadcrumb":{"@id":"https:\/\/www.deco-travaux.fr\/savoie\/assistance-travaux\/maitre-oeuvre-conseil-travaux-renovation\/magasin-batiment-design\/#breadcrumb"},"inLanguage":"fr-FR","potentialAction":[{"@type":"ReadAction","target":["https:\/\/www.deco-travaux.fr\/savoie\/assistance-travaux\/maitre-oeuvre-conseil-travaux-renovation\/magasin-batiment-design\/"]}]},{"@type":"BreadcrumbList","@id":"https:\/\/www.deco-travaux.fr\/savoie\/assistance-travaux\/maitre-oeuvre-conseil-travaux-renovation\/magasin-batiment-design\/#breadcrumb","itemListElement":[{"@type":"ListItem","position":1,"name":"Accueil","item":"https:\/\/www.deco-travaux.fr\/savoie\/"},{"@type":"ListItem","position":2,"name":"Services","item":"https:\/\/www.deco-travaux.fr\/savoie\/assistance-travaux\/"},{"@type":"ListItem","position":3,"name":"Offres","item":"\/"},{"@type":"ListItem","position":4,"name":"Offre personnalis\u00e9e"}]},{"@type":"WebSite","@id":"https:\/\/www.deco-travaux.fr\/savoie\/#website","url":"https:\/\/www.deco-travaux.fr\/savoie\/","name":"Magasin Christelle carrelage, cuisines, salle de bain, menuiserie","description":"Magasin expo de produits exceptionnels \u00e0 prix bas \u00e0 5 minutes de Bourg Saint Maurice et Aime La Plagne Tarentaise en Savoie 73","potentialAction":[{"@type":"SearchAction","target":{"@type":"EntryPoint","urlTemplate":"https:\/\/www.deco-travaux.fr\/savoie\/?s={search_term_string}"},"query-input":{"@type":"PropertyValueSpecification","valueRequired":true,"valueName":"search_term_string"}}],"inLanguage":"fr-FR"}]}},"_links":{"self":[{"href":"https:\/\/www.deco-travaux.fr\/savoie\/wp-json\/wp\/v2\/pages\/34","targetHints":{"allow":["GET"]}}],"collection":[{"href":"https:\/\/www.deco-travaux.fr\/savoie\/wp-json\/wp\/v2\/pages"}],"about":[{"href":"https:\/\/www.deco-travaux.fr\/savoie\/wp-json\/wp\/v2\/types\/page"}],"author":[{"embeddable":true,"href":"https:\/\/www.deco-travaux.fr\/savoie\/wp-json\/wp\/v2\/users\/2"}],"replies":[{"embeddable":true,"href":"https:\/\/www.deco-travaux.fr\/savoie\/wp-json\/wp\/v2\/comments?post=34"}],"version-history":[{"count":119,"href":"https:\/\/www.deco-travaux.fr\/savoie\/wp-json\/wp\/v2\/pages\/34\/revisions"}],"predecessor-version":[{"id":4978,"href":"https:\/\/www.deco-travaux.fr\/savoie\/wp-json\/wp\/v2\/pages\/34\/revisions\/4978"}],"up":[{"embeddable":true,"href":"https:\/\/www.deco-travaux.fr\/savoie\/wp-json\/wp\/v2\/pages\/32"}],"wp:attachment":[{"href":"https:\/\/www.deco-travaux.fr\/savoie\/wp-json\/wp\/v2\/media?parent=34"}],"curies":[{"name":"wp","href":"https:\/\/api.w.org\/{rel}","templated":true}]}}