{"id":2345,"date":"2016-07-12T18:10:55","date_gmt":"2016-07-12T17:10:55","guid":{"rendered":"http:\/\/www.deco-travaux.fr\/savoie\/?page_id=2345"},"modified":"2023-03-24T15:13:58","modified_gmt":"2023-03-24T14:13:58","slug":"assistance-materiel-et-travaux","status":"publish","type":"page","link":"https:\/\/www.deco-travaux.fr\/savoie\/assistance-travaux\/assistance-materiel-et-travaux\/","title":{"rendered":"Partenaires travaux"},"content":{"rendered":"<p><strong>CRIS BTP se charge de vous assister pour vos achats ou travaux. CRIS BTP propose le service d&rsquo;assistance.<\/strong><\/p>\n<p>Christelle Blanchet vous mets si besoin en relation avec des artisans ou professionnels, partageant les m\u00eames valeurs : \u00e9coute, r\u00e9activit\u00e9, respect, engagement sur les d\u00e9lais, les co\u00fbts, la qualit\u00e9 et la satisfaction du client.<\/p>\n<p>CRIS BTP ma\u00eetre d&rsquo;\u0153uvre, s\u00e9lectionne sur des crit\u00e8res pr\u00e9cis des usines, designers, architectes, d\u00e9corateurs, artisans et entreprises de travaux, choisis parmi les meilleurs, tous sp\u00e9cialistes et habitu\u00e9s \u00e0 travailler sur des chantiers sp\u00e9cifiques ou difficiles, notamment de montagne Savoie.<\/p>\n<p>&nbsp;<\/p>\n","protected":false},"excerpt":{"rendered":"<p>CRIS BTP se charge de vous assister pour vos achats ou travaux. CRIS BTP propose le service d&rsquo;assistance. Christelle Blanchet vous mets si besoin en relation avec des artisans ou professionnels, partageant les m\u00eames valeurs : \u00e9coute, r\u00e9activit\u00e9, respect, engagement sur les d\u00e9lais, les co\u00fbts, la qualit\u00e9 et la satisfaction du client. CRIS BTP ma\u00eetre [&hellip;]<\/p>\n","protected":false},"author":2,"featured_media":0,"parent":11,"menu_order":0,"comment_status":"closed","ping_status":"closed","template":"","meta":{"_monsterinsights_skip_tracking":false,"_monsterinsights_sitenote_active":false,"_monsterinsights_sitenote_note":"","_monsterinsights_sitenote_category":0,"ngg_post_thumbnail":0,"footnotes":"","_links_to":"","_links_to_target":""},"class_list":["post-2345","page","type-page","status-publish","hentry"],"yoast_head":"<!-- This site is optimized with the Yoast SEO plugin v27.4 - https:\/\/yoast.com\/product\/yoast-seo-wordpress\/ -->\n<title>service assistance mat\u00e9riel et travaux<\/title>\n<meta name=\"description\" content=\"CRIS BTP vend du mat\u00e9riel pour votre r\u00e9novation ou construction et peut vous assister et vous guider vers des entreprises locales de travaux\" \/>\n<meta name=\"robots\" content=\"index, follow, max-snippet:-1, max-image-preview:large, max-video-preview:-1\" \/>\n<link rel=\"canonical\" href=\"https:\/\/www.deco-travaux.fr\/savoie\/assistance-travaux\/assistance-materiel-et-travaux\/\" \/>\n<meta property=\"og:locale\" content=\"fr_FR\" \/>\n<meta property=\"og:type\" content=\"article\" \/>\n<meta property=\"og:title\" content=\"service assistance mat\u00e9riel et travaux\" \/>\n<meta property=\"og:description\" content=\"CRIS BTP vend du mat\u00e9riel pour votre r\u00e9novation ou construction et peut vous assister et vous guider vers des entreprises locales de travaux\" \/>\n<meta property=\"og:url\" content=\"https:\/\/www.deco-travaux.fr\/savoie\/assistance-travaux\/assistance-materiel-et-travaux\/\" \/>\n<meta property=\"og:site_name\" content=\"Magasin Christelle carrelage, cuisines, salle de bain, menuiserie\" \/>\n<meta property=\"article:publisher\" content=\"https:\/\/www.facebook.com\/chrisdecotravaux\/\" \/>\n<meta property=\"article:modified_time\" content=\"2023-03-24T14:13:58+00:00\" \/>\n<meta property=\"og:image\" content=\"https:\/\/www.deco-travaux.fr\/savoie\/wp-content\/uploads\/2016\/10\/bacebook-icone.png\" \/>\n\t<meta property=\"og:image:width\" content=\"325\" \/>\n\t<meta property=\"og:image:height\" content=\"325\" \/>\n\t<meta property=\"og:image:type\" content=\"image\/png\" \/>\n<meta name=\"twitter:label1\" content=\"Dur\u00e9e de lecture estim\u00e9e\" \/>\n\t<meta name=\"twitter:data1\" content=\"1 minute\" \/>\n<script type=\"application\/ld+json\" class=\"yoast-schema-graph\">{\"@context\":\"https:\\\/\\\/schema.org\",\"@graph\":[{\"@type\":\"WebPage\",\"@id\":\"https:\\\/\\\/www.deco-travaux.fr\\\/savoie\\\/assistance-travaux\\\/assistance-materiel-et-travaux\\\/\",\"url\":\"https:\\\/\\\/www.deco-travaux.fr\\\/savoie\\\/assistance-travaux\\\/assistance-materiel-et-travaux\\\/\",\"name\":\"service assistance mat\u00e9riel et travaux\",\"isPartOf\":{\"@id\":\"https:\\\/\\\/www.deco-travaux.fr\\\/savoie\\\/#website\"},\"datePublished\":\"2016-07-12T17:10:55+00:00\",\"dateModified\":\"2023-03-24T14:13:58+00:00\",\"description\":\"CRIS BTP vend du mat\u00e9riel pour votre r\u00e9novation ou construction et peut vous assister et vous guider vers des entreprises locales de travaux\",\"breadcrumb\":{\"@id\":\"https:\\\/\\\/www.deco-travaux.fr\\\/savoie\\\/assistance-travaux\\\/assistance-materiel-et-travaux\\\/#breadcrumb\"},\"inLanguage\":\"fr-FR\",\"potentialAction\":[{\"@type\":\"ReadAction\",\"target\":[\"https:\\\/\\\/www.deco-travaux.fr\\\/savoie\\\/assistance-travaux\\\/assistance-materiel-et-travaux\\\/\"]}]},{\"@type\":\"BreadcrumbList\",\"@id\":\"https:\\\/\\\/www.deco-travaux.fr\\\/savoie\\\/assistance-travaux\\\/assistance-materiel-et-travaux\\\/#breadcrumb\",\"itemListElement\":[{\"@type\":\"ListItem\",\"position\":1,\"name\":\"Accueil\",\"item\":\"https:\\\/\\\/www.deco-travaux.fr\\\/savoie\\\/\"},{\"@type\":\"ListItem\",\"position\":2,\"name\":\"Services\",\"item\":\"https:\\\/\\\/www.deco-travaux.fr\\\/savoie\\\/assistance-travaux\\\/\"},{\"@type\":\"ListItem\",\"position\":3,\"name\":\"Partenaires travaux\"}]},{\"@type\":\"WebSite\",\"@id\":\"https:\\\/\\\/www.deco-travaux.fr\\\/savoie\\\/#website\",\"url\":\"https:\\\/\\\/www.deco-travaux.fr\\\/savoie\\\/\",\"name\":\"Magasin Christelle carrelage, cuisines, salle de bain, menuiserie\",\"description\":\"Magasin expo de produits exceptionnels \u00e0 prix bas \u00e0 5 minutes de Bourg Saint Maurice et Aime La Plagne Tarentaise en Savoie 73\",\"potentialAction\":[{\"@type\":\"SearchAction\",\"target\":{\"@type\":\"EntryPoint\",\"urlTemplate\":\"https:\\\/\\\/www.deco-travaux.fr\\\/savoie\\\/?s={search_term_string}\"},\"query-input\":{\"@type\":\"PropertyValueSpecification\",\"valueRequired\":true,\"valueName\":\"search_term_string\"}}],\"inLanguage\":\"fr-FR\"}]}<\/script>\n<!-- \/ Yoast SEO plugin. -->","yoast_head_json":{"title":"service assistance mat\u00e9riel et travaux","description":"CRIS BTP vend du mat\u00e9riel pour votre r\u00e9novation ou construction et peut vous assister et vous guider vers des entreprises locales de travaux","robots":{"index":"index","follow":"follow","max-snippet":"max-snippet:-1","max-image-preview":"max-image-preview:large","max-video-preview":"max-video-preview:-1"},"canonical":"https:\/\/www.deco-travaux.fr\/savoie\/assistance-travaux\/assistance-materiel-et-travaux\/","og_locale":"fr_FR","og_type":"article","og_title":"service assistance mat\u00e9riel et travaux","og_description":"CRIS BTP vend du mat\u00e9riel pour votre r\u00e9novation ou construction et peut vous assister et vous guider vers des entreprises locales de travaux","og_url":"https:\/\/www.deco-travaux.fr\/savoie\/assistance-travaux\/assistance-materiel-et-travaux\/","og_site_name":"Magasin Christelle carrelage, cuisines, salle de bain, menuiserie","article_publisher":"https:\/\/www.facebook.com\/chrisdecotravaux\/","article_modified_time":"2023-03-24T14:13:58+00:00","og_image":[{"width":325,"height":325,"url":"https:\/\/www.deco-travaux.fr\/savoie\/wp-content\/uploads\/2016\/10\/bacebook-icone.png","type":"image\/png"}],"twitter_misc":{"Dur\u00e9e de lecture estim\u00e9e":"1 minute"},"schema":{"@context":"https:\/\/schema.org","@graph":[{"@type":"WebPage","@id":"https:\/\/www.deco-travaux.fr\/savoie\/assistance-travaux\/assistance-materiel-et-travaux\/","url":"https:\/\/www.deco-travaux.fr\/savoie\/assistance-travaux\/assistance-materiel-et-travaux\/","name":"service assistance mat\u00e9riel et travaux","isPartOf":{"@id":"https:\/\/www.deco-travaux.fr\/savoie\/#website"},"datePublished":"2016-07-12T17:10:55+00:00","dateModified":"2023-03-24T14:13:58+00:00","description":"CRIS BTP vend du mat\u00e9riel pour votre r\u00e9novation ou construction et peut vous assister et vous guider vers des entreprises locales de travaux","breadcrumb":{"@id":"https:\/\/www.deco-travaux.fr\/savoie\/assistance-travaux\/assistance-materiel-et-travaux\/#breadcrumb"},"inLanguage":"fr-FR","potentialAction":[{"@type":"ReadAction","target":["https:\/\/www.deco-travaux.fr\/savoie\/assistance-travaux\/assistance-materiel-et-travaux\/"]}]},{"@type":"BreadcrumbList","@id":"https:\/\/www.deco-travaux.fr\/savoie\/assistance-travaux\/assistance-materiel-et-travaux\/#breadcrumb","itemListElement":[{"@type":"ListItem","position":1,"name":"Accueil","item":"https:\/\/www.deco-travaux.fr\/savoie\/"},{"@type":"ListItem","position":2,"name":"Services","item":"https:\/\/www.deco-travaux.fr\/savoie\/assistance-travaux\/"},{"@type":"ListItem","position":3,"name":"Partenaires travaux"}]},{"@type":"WebSite","@id":"https:\/\/www.deco-travaux.fr\/savoie\/#website","url":"https:\/\/www.deco-travaux.fr\/savoie\/","name":"Magasin Christelle carrelage, cuisines, salle de bain, menuiserie","description":"Magasin expo de produits exceptionnels \u00e0 prix bas \u00e0 5 minutes de Bourg Saint Maurice et Aime La Plagne Tarentaise en Savoie 73","potentialAction":[{"@type":"SearchAction","target":{"@type":"EntryPoint","urlTemplate":"https:\/\/www.deco-travaux.fr\/savoie\/?s={search_term_string}"},"query-input":{"@type":"PropertyValueSpecification","valueRequired":true,"valueName":"search_term_string"}}],"inLanguage":"fr-FR"}]}},"_links":{"self":[{"href":"https:\/\/www.deco-travaux.fr\/savoie\/wp-json\/wp\/v2\/pages\/2345","targetHints":{"allow":["GET"]}}],"collection":[{"href":"https:\/\/www.deco-travaux.fr\/savoie\/wp-json\/wp\/v2\/pages"}],"about":[{"href":"https:\/\/www.deco-travaux.fr\/savoie\/wp-json\/wp\/v2\/types\/page"}],"author":[{"embeddable":true,"href":"https:\/\/www.deco-travaux.fr\/savoie\/wp-json\/wp\/v2\/users\/2"}],"replies":[{"embeddable":true,"href":"https:\/\/www.deco-travaux.fr\/savoie\/wp-json\/wp\/v2\/comments?post=2345"}],"version-history":[{"count":55,"href":"https:\/\/www.deco-travaux.fr\/savoie\/wp-json\/wp\/v2\/pages\/2345\/revisions"}],"predecessor-version":[{"id":4938,"href":"https:\/\/www.deco-travaux.fr\/savoie\/wp-json\/wp\/v2\/pages\/2345\/revisions\/4938"}],"up":[{"embeddable":true,"href":"https:\/\/www.deco-travaux.fr\/savoie\/wp-json\/wp\/v2\/pages\/11"}],"wp:attachment":[{"href":"https:\/\/www.deco-travaux.fr\/savoie\/wp-json\/wp\/v2\/media?parent=2345"}],"curies":[{"name":"wp","href":"https:\/\/api.w.org\/{rel}","templated":true}]}}