{"id":1171,"date":"2015-02-19T19:26:36","date_gmt":"2015-02-19T18:26:36","guid":{"rendered":"http:\/\/www.deco-travaux.fr\/savoie\/?page_id=1171"},"modified":"2019-05-11T21:32:15","modified_gmt":"2019-05-11T20:32:15","slug":"vente-peinture","status":"publish","type":"page","link":"https:\/\/www.deco-travaux.fr\/savoie\/magasin-produits-batiment-et-meubles\/vente-peinture\/","title":{"rendered":"Vente peinture"},"content":{"rendered":"<h3><span style=\"font-size: 12pt; color: #33cccc;\">CRIS BTP vend des&nbsp;peintures, lasures et enduits de haute qualit\u00e9 professionnelle \u00e0 prix bas en SAVOIE<\/span><\/h3>\n<p>Ces peintures peuvent \u00eatre livr\u00e9es directement chez vous ou sur chantier par le fabricant sous 4 \u00e0 48 heures.<\/p>\n<p><a href=\"https:\/\/www.deco-travaux.fr\/savoie\/wp-content\/uploads\/2015\/02\/cris-btp-peinture.jpg\"><img decoding=\"async\" class=\"alignleft wp-image-1269 size-thumbnail\" src=\"https:\/\/www.deco-travaux.fr\/savoie\/wp-content\/uploads\/2015\/02\/cris-btp-peinture-150x150.jpg\" alt=\"vente de peinture lasure et enduits par CRIS BTP en Savoie\" width=\"150\" height=\"150\"><\/a><a href=\"https:\/\/www.deco-travaux.fr\/savoie\/wp-content\/uploads\/2015\/02\/teintes-peintures-DECO-TRAVAUX.jpg\"><img decoding=\"async\" class=\"alignright wp-image-1643 size-thumbnail\" src=\"https:\/\/www.deco-travaux.fr\/savoie\/wp-content\/uploads\/2015\/02\/teintes-peintures-DECO-TRAVAUX-150x150.jpg\" alt=\"vente toute teinte de peintures DECO TRAVAUX haute savoie\" width=\"150\" height=\"150\" srcset=\"https:\/\/www.deco-travaux.fr\/savoie\/wp-content\/uploads\/2015\/02\/teintes-peintures-DECO-TRAVAUX-150x150.jpg 150w, https:\/\/www.deco-travaux.fr\/savoie\/wp-content\/uploads\/2015\/02\/teintes-peintures-DECO-TRAVAUX-240x240.jpg 240w, https:\/\/www.deco-travaux.fr\/savoie\/wp-content\/uploads\/2015\/02\/teintes-peintures-DECO-TRAVAUX-300x300.jpg 300w, https:\/\/www.deco-travaux.fr\/savoie\/wp-content\/uploads\/2015\/02\/teintes-peintures-DECO-TRAVAUX.jpg 768w\" sizes=\"(max-width: 150px) 100vw, 150px\" \/><\/a>CRIS BTP dispose de plus de 1500 teintes.<\/p>\n<p>Les enduits d\u00e9coratifs 100 % en phase aqueuse labels environnement respectent votre sant\u00e9 et l\u2019environnement. L&rsquo;absence d&rsquo;odeur et la rapidit\u00e9 de mise en \u0153uvre garantissent un confort d&rsquo;application pour le peintre ainsi qu&rsquo;une r\u00e9int\u00e9gration rapide des locaux.<\/p>\n<p>D\u00e9couvrez&nbsp;nos peintures velout\u00e9es, poch\u00e9es, satin\u00e9es ou mat non lustrantes. CRIS BTP vend des peintures lavable et adapt\u00e9es \u00e0 chacune de vos pi\u00e8ces.<\/p>\n<p>CRIS BTP vend \u00e9galement des peintures antirouille pour m\u00e9taux ou vos toits \u00e0 la teinte de votre choix de qualit\u00e9 professionnelle durables.<\/p>\n<p>Nos lasures, primaires et peintures&nbsp;r\u00e9sines sont vendus au litre et sp\u00e9cifiques pour chaque support.<\/p>\n<p>Primaires, enduits \u00e0 la chaux, peintures antibact\u00e9riennes, peinture de fa\u00e7ades &#8230;. ou pour bois : demandez nous conseil avant de commander.<\/p>\n<p>&nbsp;<\/p>\n<p><img decoding=\"async\" class=\"alignleft size-full wp-image-1267\" src=\"https:\/\/www.deco-travaux.fr\/savoie\/wp-content\/uploads\/2015\/02\/CRIS-BTP-LASURCOLOR.jpg\" alt=\"CRIS BTP LASURCOLOR\" width=\"110\" height=\"136\"><a href=\"https:\/\/www.deco-travaux.fr\/savoie\/wp-content\/uploads\/2015\/02\/peinture-m\u00e9tal-antirouille-pour-r\u00e9novation-toit.jpg\"><img loading=\"lazy\" decoding=\"async\" class=\"alignright size-thumbnail wp-image-2083\" src=\"https:\/\/www.deco-travaux.fr\/savoie\/wp-content\/uploads\/2015\/02\/peinture-m\u00e9tal-antirouille-pour-r\u00e9novation-toit-150x150.jpg\" alt=\"peinture m\u00e9tal antirouille pour r\u00e9novation toit\" width=\"150\" height=\"150\"><\/a><a href=\"https:\/\/www.deco-travaux.fr\/savoie\/wp-content\/uploads\/2015\/02\/peinture-toiture-anti-rouille.jpg\"><img loading=\"lazy\" decoding=\"async\" class=\"alignright size-thumbnail wp-image-2081\" src=\"https:\/\/www.deco-travaux.fr\/savoie\/wp-content\/uploads\/2015\/02\/peinture-toiture-anti-rouille-150x150.jpg\" alt=\"peinture toiture antirouille\" width=\"150\" height=\"150\"><\/a><br \/>\nLa vente de&nbsp;lasures longue dur\u00e9e, \u00e9galisateurs et saturateurs en phase solvant ou aqueuse permet la protection de vos bois ext\u00e9rieurs et int\u00e9rieurs.<\/p>\n<p>Les vitrificateurs vendus par CRIS BTP se passent en 2 couches dans la journ\u00e9e.<\/p>\n<p>Les lasures d\u00e9coratives color\u00e9es transforment vos anciens bois en int\u00e9rieurs modernes avec c\u00e9rus\u00e9s chaleureux.<\/p>\n<p><a href=\"https:\/\/www.deco-travaux.fr\/savoie\/wp-content\/uploads\/2019\/05\/vente-Savoie-pinceau-rouleau-grille-brosse-peinture-pro-deco-travaux.fr-CRIS-BTP.jpg\"><img loading=\"lazy\" decoding=\"async\" class=\"alignleft size-thumbnail wp-image-4565\" src=\"https:\/\/www.deco-travaux.fr\/savoie\/wp-content\/uploads\/2019\/05\/vente-Savoie-pinceau-rouleau-grille-brosse-peinture-pro-deco-travaux.fr-CRIS-BTP-150x150.jpg\" alt=\"\" width=\"150\" height=\"150\"><\/a>Nous vendons des rouleaux, pinceaux, brosses et autres accessoires de peinture professionnels adapt\u00e9s aux types de peinture ou lasure que vous choisissez.<\/p>\n<p>&nbsp;<\/p>\n","protected":false},"excerpt":{"rendered":"<p>CRIS BTP vend des&nbsp;peintures, lasures et enduits de haute qualit\u00e9 professionnelle \u00e0 prix bas en SAVOIE Ces peintures peuvent \u00eatre livr\u00e9es directement chez vous ou sur chantier par le fabricant sous 4 \u00e0 48 heures. CRIS BTP dispose de plus de 1500 teintes. Les enduits d\u00e9coratifs 100 % en phase aqueuse labels environnement respectent votre [&hellip;]<\/p>\n","protected":false},"author":2,"featured_media":0,"parent":61,"menu_order":4,"comment_status":"closed","ping_status":"closed","template":"","meta":{"_monsterinsights_skip_tracking":false,"_monsterinsights_sitenote_active":false,"_monsterinsights_sitenote_note":"","_monsterinsights_sitenote_category":0,"ngg_post_thumbnail":0,"footnotes":"","_links_to":"","_links_to_target":""},"class_list":["post-1171","page","type-page","status-publish","hentry"],"yoast_head":"<!-- This site is optimized with the Yoast SEO plugin v27.4 - https:\/\/yoast.com\/product\/yoast-seo-wordpress\/ -->\n<title>vente directe peinture, lasure et enduits pros par CRIS BTP \u00e0 prix bas<\/title>\n<meta name=\"description\" content=\"vente par CRIS BTP en Savoie de peinture, lasures et enduits de haute qualit\u00e9 professionnelle livr\u00e9s en direct chez vous ou sur votre chantier \u00e0 prix bas\" \/>\n<meta name=\"robots\" content=\"index, follow, max-snippet:-1, max-image-preview:large, max-video-preview:-1\" \/>\n<link rel=\"canonical\" href=\"https:\/\/www.deco-travaux.fr\/savoie\/magasin-produits-batiment-et-meubles\/vente-peinture\/\" \/>\n<meta property=\"og:locale\" content=\"fr_FR\" \/>\n<meta property=\"og:type\" content=\"article\" \/>\n<meta property=\"og:title\" content=\"vente directe peinture, lasure et enduits pros par CRIS BTP \u00e0 prix bas\" \/>\n<meta property=\"og:description\" content=\"vente par CRIS BTP en Savoie de peinture, lasures et enduits de haute qualit\u00e9 professionnelle livr\u00e9s en direct chez vous ou sur votre chantier \u00e0 prix bas\" \/>\n<meta property=\"og:url\" content=\"https:\/\/www.deco-travaux.fr\/savoie\/magasin-produits-batiment-et-meubles\/vente-peinture\/\" \/>\n<meta property=\"og:site_name\" content=\"Magasin Christelle carrelage, cuisines, salle de bain, menuiserie\" \/>\n<meta property=\"article:publisher\" content=\"https:\/\/www.facebook.com\/chrisdecotravaux\/\" \/>\n<meta property=\"article:modified_time\" content=\"2019-05-11T20:32:15+00:00\" \/>\n<meta property=\"og:image\" content=\"http:\/\/www.deco-travaux.fr\/savoie\/wp-content\/uploads\/2015\/02\/cris-btp-peinture-150x150.jpg\" \/>\n<meta name=\"twitter:label1\" content=\"Dur\u00e9e de lecture estim\u00e9e\" \/>\n\t<meta name=\"twitter:data1\" content=\"1 minute\" \/>\n<script type=\"application\/ld+json\" class=\"yoast-schema-graph\">{\"@context\":\"https:\\\/\\\/schema.org\",\"@graph\":[{\"@type\":\"WebPage\",\"@id\":\"https:\\\/\\\/www.deco-travaux.fr\\\/savoie\\\/magasin-produits-batiment-et-meubles\\\/vente-peinture\\\/\",\"url\":\"https:\\\/\\\/www.deco-travaux.fr\\\/savoie\\\/magasin-produits-batiment-et-meubles\\\/vente-peinture\\\/\",\"name\":\"vente directe peinture, lasure et enduits pros par CRIS BTP \u00e0 prix bas\",\"isPartOf\":{\"@id\":\"https:\\\/\\\/www.deco-travaux.fr\\\/savoie\\\/#website\"},\"primaryImageOfPage\":{\"@id\":\"https:\\\/\\\/www.deco-travaux.fr\\\/savoie\\\/magasin-produits-batiment-et-meubles\\\/vente-peinture\\\/#primaryimage\"},\"image\":{\"@id\":\"https:\\\/\\\/www.deco-travaux.fr\\\/savoie\\\/magasin-produits-batiment-et-meubles\\\/vente-peinture\\\/#primaryimage\"},\"thumbnailUrl\":\"http:\\\/\\\/www.deco-travaux.fr\\\/savoie\\\/wp-content\\\/uploads\\\/2015\\\/02\\\/cris-btp-peinture-150x150.jpg\",\"datePublished\":\"2015-02-19T18:26:36+00:00\",\"dateModified\":\"2019-05-11T20:32:15+00:00\",\"description\":\"vente par CRIS BTP en Savoie de peinture, lasures et enduits de haute qualit\u00e9 professionnelle livr\u00e9s en direct chez vous ou sur votre chantier \u00e0 prix bas\",\"breadcrumb\":{\"@id\":\"https:\\\/\\\/www.deco-travaux.fr\\\/savoie\\\/magasin-produits-batiment-et-meubles\\\/vente-peinture\\\/#breadcrumb\"},\"inLanguage\":\"fr-FR\",\"potentialAction\":[{\"@type\":\"ReadAction\",\"target\":[\"https:\\\/\\\/www.deco-travaux.fr\\\/savoie\\\/magasin-produits-batiment-et-meubles\\\/vente-peinture\\\/\"]}]},{\"@type\":\"ImageObject\",\"inLanguage\":\"fr-FR\",\"@id\":\"https:\\\/\\\/www.deco-travaux.fr\\\/savoie\\\/magasin-produits-batiment-et-meubles\\\/vente-peinture\\\/#primaryimage\",\"url\":\"http:\\\/\\\/www.deco-travaux.fr\\\/savoie\\\/wp-content\\\/uploads\\\/2015\\\/02\\\/cris-btp-peinture-150x150.jpg\",\"contentUrl\":\"http:\\\/\\\/www.deco-travaux.fr\\\/savoie\\\/wp-content\\\/uploads\\\/2015\\\/02\\\/cris-btp-peinture-150x150.jpg\"},{\"@type\":\"BreadcrumbList\",\"@id\":\"https:\\\/\\\/www.deco-travaux.fr\\\/savoie\\\/magasin-produits-batiment-et-meubles\\\/vente-peinture\\\/#breadcrumb\",\"itemListElement\":[{\"@type\":\"ListItem\",\"position\":1,\"name\":\"Accueil\",\"item\":\"https:\\\/\\\/www.deco-travaux.fr\\\/savoie\\\/\"},{\"@type\":\"ListItem\",\"position\":2,\"name\":\"Autres produits\",\"item\":\"\\\/\"},{\"@type\":\"ListItem\",\"position\":3,\"name\":\"Vente peinture\"}]},{\"@type\":\"WebSite\",\"@id\":\"https:\\\/\\\/www.deco-travaux.fr\\\/savoie\\\/#website\",\"url\":\"https:\\\/\\\/www.deco-travaux.fr\\\/savoie\\\/\",\"name\":\"Magasin Christelle carrelage, cuisines, salle de bain, menuiserie\",\"description\":\"Magasin expo de produits exceptionnels \u00e0 prix bas \u00e0 5 minutes de Bourg Saint Maurice et Aime La Plagne Tarentaise en Savoie 73\",\"potentialAction\":[{\"@type\":\"SearchAction\",\"target\":{\"@type\":\"EntryPoint\",\"urlTemplate\":\"https:\\\/\\\/www.deco-travaux.fr\\\/savoie\\\/?s={search_term_string}\"},\"query-input\":{\"@type\":\"PropertyValueSpecification\",\"valueRequired\":true,\"valueName\":\"search_term_string\"}}],\"inLanguage\":\"fr-FR\"}]}<\/script>\n<!-- \/ Yoast SEO plugin. -->","yoast_head_json":{"title":"vente directe peinture, lasure et enduits pros par CRIS BTP \u00e0 prix bas","description":"vente par CRIS BTP en Savoie de peinture, lasures et enduits de haute qualit\u00e9 professionnelle livr\u00e9s en direct chez vous ou sur votre chantier \u00e0 prix bas","robots":{"index":"index","follow":"follow","max-snippet":"max-snippet:-1","max-image-preview":"max-image-preview:large","max-video-preview":"max-video-preview:-1"},"canonical":"https:\/\/www.deco-travaux.fr\/savoie\/magasin-produits-batiment-et-meubles\/vente-peinture\/","og_locale":"fr_FR","og_type":"article","og_title":"vente directe peinture, lasure et enduits pros par CRIS BTP \u00e0 prix bas","og_description":"vente par CRIS BTP en Savoie de peinture, lasures et enduits de haute qualit\u00e9 professionnelle livr\u00e9s en direct chez vous ou sur votre chantier \u00e0 prix bas","og_url":"https:\/\/www.deco-travaux.fr\/savoie\/magasin-produits-batiment-et-meubles\/vente-peinture\/","og_site_name":"Magasin Christelle carrelage, cuisines, salle de bain, menuiserie","article_publisher":"https:\/\/www.facebook.com\/chrisdecotravaux\/","article_modified_time":"2019-05-11T20:32:15+00:00","og_image":[{"url":"http:\/\/www.deco-travaux.fr\/savoie\/wp-content\/uploads\/2015\/02\/cris-btp-peinture-150x150.jpg","type":"","width":"","height":""}],"twitter_misc":{"Dur\u00e9e de lecture estim\u00e9e":"1 minute"},"schema":{"@context":"https:\/\/schema.org","@graph":[{"@type":"WebPage","@id":"https:\/\/www.deco-travaux.fr\/savoie\/magasin-produits-batiment-et-meubles\/vente-peinture\/","url":"https:\/\/www.deco-travaux.fr\/savoie\/magasin-produits-batiment-et-meubles\/vente-peinture\/","name":"vente directe peinture, lasure et enduits pros par CRIS BTP \u00e0 prix bas","isPartOf":{"@id":"https:\/\/www.deco-travaux.fr\/savoie\/#website"},"primaryImageOfPage":{"@id":"https:\/\/www.deco-travaux.fr\/savoie\/magasin-produits-batiment-et-meubles\/vente-peinture\/#primaryimage"},"image":{"@id":"https:\/\/www.deco-travaux.fr\/savoie\/magasin-produits-batiment-et-meubles\/vente-peinture\/#primaryimage"},"thumbnailUrl":"http:\/\/www.deco-travaux.fr\/savoie\/wp-content\/uploads\/2015\/02\/cris-btp-peinture-150x150.jpg","datePublished":"2015-02-19T18:26:36+00:00","dateModified":"2019-05-11T20:32:15+00:00","description":"vente par CRIS BTP en Savoie de peinture, lasures et enduits de haute qualit\u00e9 professionnelle livr\u00e9s en direct chez vous ou sur votre chantier \u00e0 prix bas","breadcrumb":{"@id":"https:\/\/www.deco-travaux.fr\/savoie\/magasin-produits-batiment-et-meubles\/vente-peinture\/#breadcrumb"},"inLanguage":"fr-FR","potentialAction":[{"@type":"ReadAction","target":["https:\/\/www.deco-travaux.fr\/savoie\/magasin-produits-batiment-et-meubles\/vente-peinture\/"]}]},{"@type":"ImageObject","inLanguage":"fr-FR","@id":"https:\/\/www.deco-travaux.fr\/savoie\/magasin-produits-batiment-et-meubles\/vente-peinture\/#primaryimage","url":"http:\/\/www.deco-travaux.fr\/savoie\/wp-content\/uploads\/2015\/02\/cris-btp-peinture-150x150.jpg","contentUrl":"http:\/\/www.deco-travaux.fr\/savoie\/wp-content\/uploads\/2015\/02\/cris-btp-peinture-150x150.jpg"},{"@type":"BreadcrumbList","@id":"https:\/\/www.deco-travaux.fr\/savoie\/magasin-produits-batiment-et-meubles\/vente-peinture\/#breadcrumb","itemListElement":[{"@type":"ListItem","position":1,"name":"Accueil","item":"https:\/\/www.deco-travaux.fr\/savoie\/"},{"@type":"ListItem","position":2,"name":"Autres produits","item":"\/"},{"@type":"ListItem","position":3,"name":"Vente peinture"}]},{"@type":"WebSite","@id":"https:\/\/www.deco-travaux.fr\/savoie\/#website","url":"https:\/\/www.deco-travaux.fr\/savoie\/","name":"Magasin Christelle carrelage, cuisines, salle de bain, menuiserie","description":"Magasin expo de produits exceptionnels \u00e0 prix bas \u00e0 5 minutes de Bourg Saint Maurice et Aime La Plagne Tarentaise en Savoie 73","potentialAction":[{"@type":"SearchAction","target":{"@type":"EntryPoint","urlTemplate":"https:\/\/www.deco-travaux.fr\/savoie\/?s={search_term_string}"},"query-input":{"@type":"PropertyValueSpecification","valueRequired":true,"valueName":"search_term_string"}}],"inLanguage":"fr-FR"}]}},"_links":{"self":[{"href":"https:\/\/www.deco-travaux.fr\/savoie\/wp-json\/wp\/v2\/pages\/1171","targetHints":{"allow":["GET"]}}],"collection":[{"href":"https:\/\/www.deco-travaux.fr\/savoie\/wp-json\/wp\/v2\/pages"}],"about":[{"href":"https:\/\/www.deco-travaux.fr\/savoie\/wp-json\/wp\/v2\/types\/page"}],"author":[{"embeddable":true,"href":"https:\/\/www.deco-travaux.fr\/savoie\/wp-json\/wp\/v2\/users\/2"}],"replies":[{"embeddable":true,"href":"https:\/\/www.deco-travaux.fr\/savoie\/wp-json\/wp\/v2\/comments?post=1171"}],"version-history":[{"count":32,"href":"https:\/\/www.deco-travaux.fr\/savoie\/wp-json\/wp\/v2\/pages\/1171\/revisions"}],"predecessor-version":[{"id":4567,"href":"https:\/\/www.deco-travaux.fr\/savoie\/wp-json\/wp\/v2\/pages\/1171\/revisions\/4567"}],"up":[{"embeddable":true,"href":"https:\/\/www.deco-travaux.fr\/savoie\/wp-json\/wp\/v2\/pages\/61"}],"wp:attachment":[{"href":"https:\/\/www.deco-travaux.fr\/savoie\/wp-json\/wp\/v2\/media?parent=1171"}],"curies":[{"name":"wp","href":"https:\/\/api.w.org\/{rel}","templated":true}]}}