{"id":11,"date":"2013-06-07T16:50:38","date_gmt":"2013-06-07T15:50:38","guid":{"rendered":"http:\/\/www.deco-travaux.fr\/savoie\/?page_id=11"},"modified":"2021-06-05T21:15:25","modified_gmt":"2021-06-05T20:15:25","slug":"assistance-travaux","status":"publish","type":"page","link":"https:\/\/www.deco-travaux.fr\/savoie\/assistance-travaux\/","title":{"rendered":"Services"},"content":{"rendered":"","protected":false},"excerpt":{"rendered":"","protected":false},"author":2,"featured_media":0,"parent":0,"menu_order":60,"comment_status":"closed","ping_status":"closed","template":"","meta":{"_monsterinsights_skip_tracking":false,"_monsterinsights_sitenote_active":false,"_monsterinsights_sitenote_note":"","_monsterinsights_sitenote_category":0,"ngg_post_thumbnail":0,"footnotes":"","_links_to":"","_links_to_target":""},"class_list":["post-11","page","type-page","status-publish","hentry"],"yoast_head":"<!-- This site is optimized with the Yoast SEO plugin v27.4 - https:\/\/yoast.com\/product\/yoast-seo-wordpress\/ -->\n<title>CHRIS BTP architecte d\u00e9corateur et entreprise de travaux en Savoie<\/title>\n<meta name=\"description\" content=\"CRIS BTP architecte d&#039;int\u00e9rieur s\u00e9lectionne des artisans et entreprises de travaux de qualit\u00e9 en construction et r\u00e9novation pour la satisfaction du client.\" \/>\n<meta name=\"robots\" content=\"index, follow, max-snippet:-1, max-image-preview:large, max-video-preview:-1\" \/>\n<link rel=\"canonical\" href=\"https:\/\/www.deco-travaux.fr\/savoie\/assistance-travaux\/\" \/>\n<meta property=\"og:locale\" content=\"fr_FR\" \/>\n<meta property=\"og:type\" content=\"article\" \/>\n<meta property=\"og:title\" content=\"CHRIS BTP architecte d\u00e9corateur et entreprise de travaux en Savoie\" \/>\n<meta property=\"og:description\" content=\"CRIS BTP architecte d&#039;int\u00e9rieur s\u00e9lectionne des artisans et entreprises de travaux de qualit\u00e9 en construction et r\u00e9novation pour la satisfaction du client.\" \/>\n<meta property=\"og:url\" content=\"https:\/\/www.deco-travaux.fr\/savoie\/assistance-travaux\/\" \/>\n<meta property=\"og:site_name\" content=\"Magasin Christelle carrelage, cuisines, salle de bain, menuiserie\" \/>\n<meta property=\"article:publisher\" content=\"https:\/\/www.facebook.com\/chrisdecotravaux\/\" \/>\n<meta property=\"article:modified_time\" content=\"2021-06-05T20:15:25+00:00\" \/>\n<meta property=\"og:image\" content=\"https:\/\/www.deco-travaux.fr\/savoie\/wp-content\/uploads\/2016\/10\/bacebook-icone.png\" \/>\n\t<meta property=\"og:image:width\" content=\"325\" \/>\n\t<meta property=\"og:image:height\" content=\"325\" \/>\n\t<meta property=\"og:image:type\" content=\"image\/png\" \/>\n<script type=\"application\/ld+json\" class=\"yoast-schema-graph\">{\"@context\":\"https:\\\/\\\/schema.org\",\"@graph\":[{\"@type\":\"WebPage\",\"@id\":\"https:\\\/\\\/www.deco-travaux.fr\\\/savoie\\\/assistance-travaux\\\/\",\"url\":\"https:\\\/\\\/www.deco-travaux.fr\\\/savoie\\\/assistance-travaux\\\/\",\"name\":\"CHRIS BTP architecte d\u00e9corateur et entreprise de travaux en Savoie\",\"isPartOf\":{\"@id\":\"https:\\\/\\\/www.deco-travaux.fr\\\/savoie\\\/#website\"},\"datePublished\":\"2013-06-07T15:50:38+00:00\",\"dateModified\":\"2021-06-05T20:15:25+00:00\",\"description\":\"CRIS BTP architecte d'int\u00e9rieur s\u00e9lectionne des artisans et entreprises de travaux de qualit\u00e9 en construction et r\u00e9novation pour la satisfaction du client.\",\"breadcrumb\":{\"@id\":\"https:\\\/\\\/www.deco-travaux.fr\\\/savoie\\\/assistance-travaux\\\/#breadcrumb\"},\"inLanguage\":\"fr-FR\",\"potentialAction\":[{\"@type\":\"ReadAction\",\"target\":[\"https:\\\/\\\/www.deco-travaux.fr\\\/savoie\\\/assistance-travaux\\\/\"]}]},{\"@type\":\"BreadcrumbList\",\"@id\":\"https:\\\/\\\/www.deco-travaux.fr\\\/savoie\\\/assistance-travaux\\\/#breadcrumb\",\"itemListElement\":[{\"@type\":\"ListItem\",\"position\":1,\"name\":\"Accueil\",\"item\":\"https:\\\/\\\/www.deco-travaux.fr\\\/savoie\\\/\"},{\"@type\":\"ListItem\",\"position\":2,\"name\":\"Services\"}]},{\"@type\":\"WebSite\",\"@id\":\"https:\\\/\\\/www.deco-travaux.fr\\\/savoie\\\/#website\",\"url\":\"https:\\\/\\\/www.deco-travaux.fr\\\/savoie\\\/\",\"name\":\"Magasin Christelle carrelage, cuisines, salle de bain, menuiserie\",\"description\":\"Magasin expo de produits exceptionnels \u00e0 prix bas \u00e0 5 minutes de Bourg Saint Maurice et Aime La Plagne Tarentaise en Savoie 73\",\"potentialAction\":[{\"@type\":\"SearchAction\",\"target\":{\"@type\":\"EntryPoint\",\"urlTemplate\":\"https:\\\/\\\/www.deco-travaux.fr\\\/savoie\\\/?s={search_term_string}\"},\"query-input\":{\"@type\":\"PropertyValueSpecification\",\"valueRequired\":true,\"valueName\":\"search_term_string\"}}],\"inLanguage\":\"fr-FR\"}]}<\/script>\n<!-- \/ Yoast SEO plugin. -->","yoast_head_json":{"title":"CHRIS BTP architecte d\u00e9corateur et entreprise de travaux en Savoie","description":"CRIS BTP architecte d'int\u00e9rieur s\u00e9lectionne des artisans et entreprises de travaux de qualit\u00e9 en construction et r\u00e9novation pour la satisfaction du client.","robots":{"index":"index","follow":"follow","max-snippet":"max-snippet:-1","max-image-preview":"max-image-preview:large","max-video-preview":"max-video-preview:-1"},"canonical":"https:\/\/www.deco-travaux.fr\/savoie\/assistance-travaux\/","og_locale":"fr_FR","og_type":"article","og_title":"CHRIS BTP architecte d\u00e9corateur et entreprise de travaux en Savoie","og_description":"CRIS BTP architecte d'int\u00e9rieur s\u00e9lectionne des artisans et entreprises de travaux de qualit\u00e9 en construction et r\u00e9novation pour la satisfaction du client.","og_url":"https:\/\/www.deco-travaux.fr\/savoie\/assistance-travaux\/","og_site_name":"Magasin Christelle carrelage, cuisines, salle de bain, menuiserie","article_publisher":"https:\/\/www.facebook.com\/chrisdecotravaux\/","article_modified_time":"2021-06-05T20:15:25+00:00","og_image":[{"width":325,"height":325,"url":"https:\/\/www.deco-travaux.fr\/savoie\/wp-content\/uploads\/2016\/10\/bacebook-icone.png","type":"image\/png"}],"schema":{"@context":"https:\/\/schema.org","@graph":[{"@type":"WebPage","@id":"https:\/\/www.deco-travaux.fr\/savoie\/assistance-travaux\/","url":"https:\/\/www.deco-travaux.fr\/savoie\/assistance-travaux\/","name":"CHRIS BTP architecte d\u00e9corateur et entreprise de travaux en Savoie","isPartOf":{"@id":"https:\/\/www.deco-travaux.fr\/savoie\/#website"},"datePublished":"2013-06-07T15:50:38+00:00","dateModified":"2021-06-05T20:15:25+00:00","description":"CRIS BTP architecte d'int\u00e9rieur s\u00e9lectionne des artisans et entreprises de travaux de qualit\u00e9 en construction et r\u00e9novation pour la satisfaction du client.","breadcrumb":{"@id":"https:\/\/www.deco-travaux.fr\/savoie\/assistance-travaux\/#breadcrumb"},"inLanguage":"fr-FR","potentialAction":[{"@type":"ReadAction","target":["https:\/\/www.deco-travaux.fr\/savoie\/assistance-travaux\/"]}]},{"@type":"BreadcrumbList","@id":"https:\/\/www.deco-travaux.fr\/savoie\/assistance-travaux\/#breadcrumb","itemListElement":[{"@type":"ListItem","position":1,"name":"Accueil","item":"https:\/\/www.deco-travaux.fr\/savoie\/"},{"@type":"ListItem","position":2,"name":"Services"}]},{"@type":"WebSite","@id":"https:\/\/www.deco-travaux.fr\/savoie\/#website","url":"https:\/\/www.deco-travaux.fr\/savoie\/","name":"Magasin Christelle carrelage, cuisines, salle de bain, menuiserie","description":"Magasin expo de produits exceptionnels \u00e0 prix bas \u00e0 5 minutes de Bourg Saint Maurice et Aime La Plagne Tarentaise en Savoie 73","potentialAction":[{"@type":"SearchAction","target":{"@type":"EntryPoint","urlTemplate":"https:\/\/www.deco-travaux.fr\/savoie\/?s={search_term_string}"},"query-input":{"@type":"PropertyValueSpecification","valueRequired":true,"valueName":"search_term_string"}}],"inLanguage":"fr-FR"}]}},"_links":{"self":[{"href":"https:\/\/www.deco-travaux.fr\/savoie\/wp-json\/wp\/v2\/pages\/11","targetHints":{"allow":["GET"]}}],"collection":[{"href":"https:\/\/www.deco-travaux.fr\/savoie\/wp-json\/wp\/v2\/pages"}],"about":[{"href":"https:\/\/www.deco-travaux.fr\/savoie\/wp-json\/wp\/v2\/types\/page"}],"author":[{"embeddable":true,"href":"https:\/\/www.deco-travaux.fr\/savoie\/wp-json\/wp\/v2\/users\/2"}],"replies":[{"embeddable":true,"href":"https:\/\/www.deco-travaux.fr\/savoie\/wp-json\/wp\/v2\/comments?post=11"}],"version-history":[{"count":8,"href":"https:\/\/www.deco-travaux.fr\/savoie\/wp-json\/wp\/v2\/pages\/11\/revisions"}],"predecessor-version":[{"id":4856,"href":"https:\/\/www.deco-travaux.fr\/savoie\/wp-json\/wp\/v2\/pages\/11\/revisions\/4856"}],"wp:attachment":[{"href":"https:\/\/www.deco-travaux.fr\/savoie\/wp-json\/wp\/v2\/media?parent=11"}],"curies":[{"name":"wp","href":"https:\/\/api.w.org\/{rel}","templated":true}]}}